{"id":18811,"date":"2017-03-09T13:20:34","date_gmt":"2017-03-09T11:20:34","guid":{"rendered":"https:\/\/test.jabsuisseromande.ch\/?page_id=18811"},"modified":"2020-10-13T15:55:34","modified_gmt":"2020-10-13T14:55:34","slug":"video-2016","status":"publish","type":"page","link":"https:\/\/enfants2.jabsuisseromande.ch\/index.php\/enfants\/pages-enfants\/le-coin-videos\/video-2016\/","title":{"rendered":"Vid\u00e9o 2016"},"content":{"rendered":"<style type=\"text\/css\"><!--\n* focus, object, player, embed{ outline: none }\n--><\/style>\n<div style=\"position: fixed; top: 0; left: 0; background: #99ccff; width: 100%; height: 100%; z-index: -11;\"> <\/div>\n<p>\n<script type=\"text\/javascript\">\/\/ <![CDATA$[\nwindow.onload = function(){\n  window.location.href = \"#go_start\";\n}\n\/\/ ]]><\/script>\n<\/p>\n<h2 id=\"go_start\"> <\/h2>\n<p>&nbsp;<\/p>\n<p style=\"text-align: left; padding-left: 150px;\"><span style=\"color: #800080;\"><span style=\"font-family: comic sans ms,sans-serif;\"><span style=\"font-size: xx-large;\">Film des camps enfants 2016<\/span><\/span><\/span><\/p>\n<p>&nbsp;<\/p>\n<p>HTML5 (patienter un peu au d\u00e9marrage)<\/p>\n<table style=\"width: 928px; height: 396px;\" border=\"0\" cellspacing=\"0\" align=\"center\">\n<tbody>\n<tr>\n<td style=\"width: 704px; border: 0px solid #9f9f9f; background-color: #9f9f9f; height: 396px; text-align: center;\"><div class='jwplayer' id='jwplayer-0'><\/div><script type='text\/javascript'>if(typeof(jQuery)==\"function\"){(function($){$.fn.fitVids=function(){}})(jQuery)};jwplayer('jwplayer-0').setup({\"height\":408,\"width\":725,\"listbar__position\":\"none\",\"primary\":\"html5\",\"fallback\":false,\"image\":\"https:\/\/enfants2.jabsuisseromande.ch\/wp-content\/gallery\/jab_enfants\/films\/titre_2016.jpg\",\"file\":\"https:\/\/enfants2.jabsuisseromande.ch\/wp-content\/gallery\/jab_enfants\/films\/jab_enfants_2016.mp4\"});\n<\/script><\/td>\n<td style=\"background-color: #9f9f9f; height: 396px; border: 0px solid #9f9f9f; width: 224px;\" valign=\"top\">\n<p style=\"text-align: center;\"><img loading=\"lazy\" class=\"aligncenter\" style=\"background-color: #9f9f9f; border: 0pt none;\" onmousedown=\"this.src='https:\/\/enfants2.jabsuisseromande.ch\/wp-content\/uploads\/jab_enfants\/deco_pages\/projo2b_gris.jpg';\" onmouseover=\"this.src='https:\/\/enfants2.jabsuisseromande.ch\/wp-content\/uploads\/jab_enfants\/deco_pages\/camera3b_gris.jpg';\" onmouseout=\"this.src='https:\/\/enfants2.jabsuisseromande.ch\/wp-content\/uploads\/jab_enfants\/deco_pages\/projo1b_gris.jpg';\" alt=\"\" src=\"https:\/\/enfants2.jabsuisseromande.ch\/wp-content\/uploads\/jab_enfants\/deco_pages\/projo1b_gris.jpg\" width=\"164\" height=\"187\" \/><\/p>\n<p style=\"text-align: center;\"><span style=\"color: #ffffff;\"><span style=\"font-size: large;\"><strong><span style=\"font-family: comic sans ms,sans-serif;\">Ann\u00e9e de camp<\/span><\/strong><\/span><\/span><\/p>\n<p style=\"text-align: center;\"><a href=\"https:\/\/enfants2.jabsuisseromande.ch\/index.php\/enfants\/pages-enfants\/pages-videos\/video-2017\"><span style=\"color: #ffcc99;\"><span style=\"font-size: large;\"><strong><span style=\"font-family: comic sans ms,sans-serif;\">2017<\/span><\/strong><\/span><\/span><\/a><\/p>\n<p style=\"text-align: center;\"><a href=\"https:\/\/enfants2.jabsuisseromande.ch\/index.php\/enfants\/pages-enfants\/pages-videos\/video-2015\"><span style=\"color: #ccffcc;\"><span style=\"font-size: large;\"><strong><span style=\"font-family: comic sans ms,sans-serif;\">2015<\/span><\/strong><\/span><\/span><\/a><\/p>\n<p style=\"text-align: center;\"><a href=\"https:\/\/enfants2.jabsuisseromande.ch\/index.php\/enfants\/pages-enfants\/pages-videos\/video-2016\"><span style=\"color: #99ccff;\"><span style=\"font-size: large;\"><strong><span style=\"font-family: comic sans ms,sans-serif;\">2016<\/span><\/strong><\/span><\/span><\/a><\/p>\n<p style=\"text-align: center;\"><a href=\"https:\/\/enfants2.jabsuisseromande.ch\/index.php\/enfants\/pages-enfants\/pages-videos\/videos-plus-anciennes\"><span style=\"color: #ffff99;\"><span style=\"font-size: large;\"><strong><span style=\"font-family: comic sans ms,sans-serif;\">Autres<\/span><\/strong><\/span><\/span><\/a><\/p>\n<p style=\"text-align: center;\"><a href=\"https:\/\/enfants2.jabsuisseromande.ch\/index.php\/enfants\/pages-enfants\/le-bon-coin\/le-coin-special-medias\"><span style=\"color: #ab5500;\"><span style=\"font-size: large;\"><strong><span style=\"font-family: comic sans ms,sans-serif;\">Sp\u00e9cial<\/span><\/strong><\/span><\/span><\/a><\/p>\n<\/td>\n<\/tr>\n<\/tbody>\n<\/table>\n<p>&nbsp;<\/p>\n<p style=\"text-align: center;\"><span style=\"color: #000000;\"><span style=\"background-color: #cc99ff;\"><span style=\"font-family: comic sans ms,sans-serif;\"><span style=\"font-size: small;\">&#8211; Pour visionner en plein \u00e9cran => clique sur la derni\u00e8re ic\u00f4ne de la barre de lecture vid\u00e9o ! &#8211;<\/span><\/span><\/span><\/span><a href=\"https:\/\/enfants2.jabsuisseromande.ch\/index.php\/enfants\/pages-enfants\"><img loading=\"lazy\" class=\"alignright\" style=\"border: 0pt none; margin-right: 60px;\" onmousedown=\"this.src='https:\/\/enfants2.jabsuisseromande.ch\/wp-content\/uploads\/jab_enfants\/web\/bouton_retour_rond_down.jpg';\" onmouseover=\"this.src='https:\/\/enfants2.jabsuisseromande.ch\/wp-content\/uploads\/jab_enfants\/web\/bouton_retour_rond_down.jpg';\" onmouseout=\"this.src='https:\/\/enfants2.jabsuisseromande.ch\/wp-content\/uploads\/jab_enfants\/web\/bouton_retour_rond.jpg';\" alt=\"\" src=\"https:\/\/enfants2.jabsuisseromande.ch\/wp-content\/uploads\/jab_enfants\/web\/bouton_retour_rond.jpg\" width=\"70\" height=\"66\" \/><\/a><\/p>\n<p style=\"text-align: center;\"><span style=\"font-family: comic sans ms,sans-serif;\">Bon film !<\/span><\/p>\n<p style=\"text-align: left;\"><span style=\"font-family: comic sans ms,sans-serif;\"><span style=\"color: #ff0000;\"><span style=\"font-size: small;\">Des soucis avec la vid\u00e9o ?<\/span><\/span><span style=\"color: #ff0000;\"><span style=\"font-size: small;\"> => <\/span><\/span><strong><span style=\"color: #ff0000;\"><span style=\"font-size: small;\"><a href=\"#flash\"><span style=\"color: #ff0000;\">Essaie ici<\/span><\/a><\/span><\/span><\/strong><br \/><\/span><\/p>\n<p>&nbsp;<\/p>\n<p>&nbsp;<\/p>\n<p>&nbsp;<\/p>\n<p>&nbsp;<\/p>\n<p>&nbsp;<\/p>\n<p>&nbsp;<\/p>\n<p>&nbsp;<\/p>\n<p>&nbsp;<\/p>\n<p>&nbsp;<\/p>\n<p>&nbsp;<\/p>\n<p>&nbsp;<\/p>\n<p>&nbsp;<\/p>\n<p>&nbsp;<\/p>\n<p>&nbsp;<\/p>\n<p>&nbsp;<\/p>\n<p><a name=\"flash\"><\/a><\/p>\n<p>&nbsp;<\/p>\n<p>Idem en flash (patienter un peu au d\u00e9marrage)<\/p>\n<table style=\"width: 928px; height: 396px;\" border=\"0\" cellspacing=\"0\" align=\"center\">\n<tbody>\n<tr>\n<td style=\"width: 704px; border: 0px solid #9f9f9f; background-color: #9f9f9f; height: 396px; text-align: center;\"><div class='jwplayer' id='jwplayer-1'><\/div><script type='text\/javascript'>if(typeof(jQuery)==\"function\"){(function($){$.fn.fitVids=function(){}})(jQuery)};jwplayer('jwplayer-1').setup({\"height\":408,\"width\":725,\"listbar__position\":\"none\",\"primary\":\"flash\",\"fallback\":false,\"image\":\"https:\/\/enfants2.jabsuisseromande.ch\/wp-content\/gallery\/jab_enfants\/films\/titre_2016.jpg\",\"file\":\"https:\/\/enfants2.jabsuisseromande.ch\/wp-content\/gallery\/jab_enfants\/films\/jab_enfants_2016.mp4\"});\n<\/script><\/td>\n<td style=\"background-color: #9f9f9f; height: 396px; border: 0px solid #9f9f9f; width: 224px;\" valign=\"top\">\n<p style=\"text-align: center;\"><img loading=\"lazy\" class=\"aligncenter\" style=\"background-color: #9f9f9f; border: 0pt none;\" onmousedown=\"this.src='https:\/\/enfants2.jabsuisseromande.ch\/wp-content\/uploads\/jab_enfants\/deco_pages\/projo2b_gris.jpg';\" onmouseover=\"this.src='https:\/\/enfants2.jabsuisseromande.ch\/wp-content\/uploads\/jab_enfants\/deco_pages\/camera3b_gris.jpg';\" onmouseout=\"this.src='https:\/\/enfants2.jabsuisseromande.ch\/wp-content\/uploads\/jab_enfants\/deco_pages\/projo1b_gris.jpg';\" alt=\"\" src=\"https:\/\/enfants2.jabsuisseromande.ch\/wp-content\/uploads\/jab_enfants\/deco_pages\/projo1b_gris.jpg\" width=\"164\" height=\"187\" \/><\/p>\n<p style=\"text-align: center;\"><span style=\"color: #ffffff;\"><span style=\"font-size: large;\"><strong><span style=\"font-family: comic sans ms,sans-serif;\">Ann\u00e9e de camp<\/span><\/strong><\/span><\/span><\/p>\n<p style=\"text-align: center;\"><a href=\"https:\/\/enfants2.jabsuisseromande.ch\/index.php\/enfants\/pages-enfants\/pages-videos\/video-2014\"><span style=\"color: #ffcc99;\"><span style=\"font-size: large;\"><strong><span style=\"font-family: comic sans ms,sans-serif;\">2014<\/span><\/strong><\/span><\/span><\/a><\/p>\n<p style=\"text-align: center;\"><a href=\"https:\/\/enfants2.jabsuisseromande.ch\/index.php\/enfants\/pages-enfants\/pages-videos\/video-2015\"><span style=\"color: #ccffcc;\"><span style=\"font-size: large;\"><strong><span style=\"font-family: comic sans ms,sans-serif;\">2015<\/span><\/strong><\/span><\/span><\/a><\/p>\n<p style=\"text-align: center;\"><a href=\"https:\/\/enfants2.jabsuisseromande.ch\/index.php\/enfants\/pages-enfants\/pages-videos\/video-2016\"><span style=\"color: #99ccff;\"><span style=\"font-size: large;\"><strong><span style=\"font-family: comic sans ms,sans-serif;\">2016<\/span><\/strong><\/span><\/span><\/a><\/p>\n<p style=\"text-align: center;\"><a href=\"https:\/\/enfants2.jabsuisseromande.ch\/index.php\/enfants\/pages-enfants\/pages-videos\/videos-plus-anciennes\"><span style=\"color: #ffff99;\"><span style=\"font-size: large;\"><strong><span style=\"font-family: comic sans ms,sans-serif;\">Autres<\/span><\/strong><\/span><\/span><\/a><\/p>\n<p style=\"text-align: center;\"><a href=\"https:\/\/enfants2.jabsuisseromande.ch\/index.php\/enfants\/pages-enfants\/le-bon-coin\/le-coin-special-medias\"><span style=\"color: #ab5500;\"><span style=\"font-size: large;\"><strong><span style=\"font-family: comic sans ms,sans-serif;\">Sp\u00e9cial<\/span><\/strong><\/span><\/span><\/a><\/p>\n<\/td>\n<\/tr>\n<\/tbody>\n<\/table>\n<p>&nbsp;<\/p>\n<p style=\"text-align: center;\"><span style=\"color: #000000;\"><span style=\"background-color: #cc99ff;\"><span style=\"font-family: comic sans ms,sans-serif;\"><span style=\"font-size: small;\">&#8211; Pour visionner en plein \u00e9cran =&gt; clique sur la derni\u00e8re ic\u00f4ne de la barre de lecture vid\u00e9o ! &#8211;<\/span><\/span><\/span><\/span><a href=\"https:\/\/enfants2.jabsuisseromande.ch\/index.php\/enfants\/pages-enfants\"><img loading=\"lazy\" class=\"alignright\" style=\"border: 0pt none; margin-right: 60px;\" onmousedown=\"this.src='https:\/\/enfants2.jabsuisseromande.ch\/wp-content\/uploads\/jab_enfants\/web\/bouton_retour_rond_down.jpg';\" onmouseover=\"this.src='https:\/\/enfants2.jabsuisseromande.ch\/wp-content\/uploads\/jab_enfants\/web\/bouton_retour_rond_down.jpg';\" onmouseout=\"this.src='https:\/\/enfants2.jabsuisseromande.ch\/wp-content\/uploads\/jab_enfants\/web\/bouton_retour_rond.jpg';\" alt=\"\" src=\"https:\/\/enfants2.jabsuisseromande.ch\/wp-content\/uploads\/jab_enfants\/web\/bouton_retour_rond.jpg\" width=\"70\" height=\"66\" \/><\/a><\/p>\n<p style=\"text-align: center;\"><span style=\"font-family: comic sans ms,sans-serif;\">Bon film !<\/span><\/p>\n<p>&nbsp;<\/p>\n<p>&nbsp;<\/p>\n<p>&nbsp;<\/p>\n","protected":false},"excerpt":{"rendered":"<p>&nbsp; Film des camps enfants 2016 &nbsp; HTML5 (patienter un peu au d\u00e9marrage) Ann\u00e9e de camp 2017 2015 2016 Autres Sp\u00e9cial &nbsp; &#8211; Pour visionner en plein \u00e9cran => clique sur la derni\u00e8re ic\u00f4ne de la barre de lecture vid\u00e9o ! &#8211; Bon film ! Des soucis avec la vid\u00e9o ? => Essaie ici &nbsp; [&hellip;]<\/p>\n","protected":false},"author":3,"featured_media":0,"parent":3004,"menu_order":3,"comment_status":"closed","ping_status":"closed","template":"template-full-width.php","meta":{"ngg_post_thumbnail":0},"_links":{"self":[{"href":"https:\/\/enfants2.jabsuisseromande.ch\/index.php\/wp-json\/wp\/v2\/pages\/18811"}],"collection":[{"href":"https:\/\/enfants2.jabsuisseromande.ch\/index.php\/wp-json\/wp\/v2\/pages"}],"about":[{"href":"https:\/\/enfants2.jabsuisseromande.ch\/index.php\/wp-json\/wp\/v2\/types\/page"}],"author":[{"embeddable":true,"href":"https:\/\/enfants2.jabsuisseromande.ch\/index.php\/wp-json\/wp\/v2\/users\/3"}],"replies":[{"embeddable":true,"href":"https:\/\/enfants2.jabsuisseromande.ch\/index.php\/wp-json\/wp\/v2\/comments?post=18811"}],"version-history":[{"count":6,"href":"https:\/\/enfants2.jabsuisseromande.ch\/index.php\/wp-json\/wp\/v2\/pages\/18811\/revisions"}],"predecessor-version":[{"id":18817,"href":"https:\/\/enfants2.jabsuisseromande.ch\/index.php\/wp-json\/wp\/v2\/pages\/18811\/revisions\/18817"}],"up":[{"embeddable":true,"href":"https:\/\/enfants2.jabsuisseromande.ch\/index.php\/wp-json\/wp\/v2\/pages\/3004"}],"wp:attachment":[{"href":"https:\/\/enfants2.jabsuisseromande.ch\/index.php\/wp-json\/wp\/v2\/media?parent=18811"}],"curies":[{"name":"wp","href":"https:\/\/api.w.org\/{rel}","templated":true}]}}