{"id":22067,"date":"2018-02-22T08:08:14","date_gmt":"2018-02-22T07:08:14","guid":{"rendered":"https:\/\/enfants2.jabsuisseromande.ch\/?page_id=22067"},"modified":"2018-03-14T12:31:57","modified_gmt":"2018-03-14T11:31:57","slug":"camps-enfants","status":"publish","type":"page","link":"https:\/\/enfants2.jabsuisseromande.ch\/index.php\/enfants\/pages-enfants\/camps-enfants\/","title":{"rendered":"Camps Enfants (7-12 ans)"},"content":{"rendered":"<p><script type=\"text\/javascript\">\/\/ <![CDATA[\nwindow.onload = function(){\n  window.location.href = \"#go_start\";\n}\n\/\/ ]]><\/script>\n<\/p>\n<h2 id=\"go_start\"> <\/h2>\n<p>&nbsp;<\/p>\n<table style=\"width: 100%;\" border=\"0\">\n<tbody>\n<tr>\n<td width=\"1\"> <\/td>\n<td valign=\"top\" width=\"300\" height=\"90\">\n<p><img loading=\"lazy\" class=\"alignnone size-medium wp-image-1183\" style=\"border: 0pt none;\" src=\"https:\/\/enfants2.jabsuisseromande.ch\/wp-content\/uploads\/fichette_enfants.jpg\" alt=\"\" width=\"300\" height=\"90\" \/><\/p>\n<\/td>\n<td rowspan=\"2\" width=\"16\"><!--DWLayoutEmptyCell--><\/td>\n<td colspan=\"2\" rowspan=\"2\"> <\/td>\n<td valign=\"top\" height=\"92\">\n<div>\n<h6><span style=\"font-size: small;\"><em><span style=\"color: #ffffff;\">camps enfants Arzier<\/span><br \/> Ces camps sont d\u00e9clar\u00e9s <a href=\"http:\/\/www.jugendundsport.ch\/internet\/js\/fr\/home.html\" target=\"_blank\">Jeunesse et Sport Suisse <\/a>cat\u00e9gorie \u00ab\u00a0Sport de camp \/ Trekking\u00a0\u00bb<\/em><\/span><\/h6>\n<p><span style=\"font-size: small;\"><em><a href=\"http:\/\/www.jugendundsport.ch\/internet\/js\/fr\/home.html\" target=\"_blank\"><img loading=\"lazy\" class=\"alignnone size-medium wp-image-1180\" style=\"border: 0pt none;\" title=\"js_logo\" src=\"https:\/\/enfants2.jabsuisseromande.ch\/wp-content\/uploads\/js_logo1.gif\" alt=\"\" width=\"40\" height=\"40\" \/><\/a><br \/> <\/em><\/span><\/p>\n<\/div>\n<\/td>\n<\/tr>\n<tr>\n<td> <\/td>\n<td style=\"text-align: justify;\" valign=\"top\">\n<h6 style=\"text-align: left;\"><span style=\"color: #000000;\"><span style=\"font-size: small;\"><strong>> Camp 1<\/strong><\/span><\/span><\/h6>\n<p style=\"text-align: left;\"><span style=\"color: #000000;\"><span style=\"font-size: small;\"> Du samedi <strong>7 <\/strong> au dimanche <strong>15 juillet 2018<br \/> Ages <\/strong>: <em>7 \u00e0 10 ans (7 ans au d\u00e9but du camp)<\/em><strong><br \/> Remplissage : <\/strong><\/span><\/span><span style=\"color: #99cc00;\"><span style=\"font-size: small;\"><strong><span style=\"text-decoration: underline;\"><span style=\"text-decoration: underline;\">PLACES DISPONIBLES<\/span><\/span><\/strong><\/span><\/span><span style=\"color: #000000;\"><span style=\"font-size: small; color: #ff0000;\"><strong><span style=\"text-decoration: underline;\"><br \/> <\/span><\/strong><\/span><span style=\"font-size: small;\"><strong>Responsables <\/strong>: Emmanuel et Sylvie Eicher<\/span><\/span><\/p>\n<h6 style=\"text-align: justify;\"><span style=\"color: #000000;\"><span style=\"font-size: small;\"><strong>> Camp 2<\/strong><\/span><\/span><\/h6>\n<p style=\"text-align: left;\"><span style=\"color: #000000;\"><span style=\"font-size: small;\"> Du samedi <strong>21 <\/strong>au dimanche <strong>29 juillet 2018<br \/> Ages <\/strong>: <em>8 \u00e0 11 ans<\/em><strong><br \/> Remplissage : <\/strong><\/span><\/span><span style=\"color: #99cc00;\"><span style=\"font-size: small;\"><strong><span style=\"text-decoration: underline;\"><span style=\"text-decoration: underline;\">PLACES DISPONIBLES<\/span><\/span><\/strong><\/span><\/span><span style=\"color: #000000;\"><span style=\"font-size: small;\"><strong><span style=\"text-decoration: underline;\"><br \/> <\/span><\/strong><\/span><span style=\"font-size: small;\"><strong>Responsables <\/strong>: Emmanuel et Sylvie Eicher<\/span><\/span><\/p>\n<h6 style=\"text-align: left;\"><span style=\"color: #000000;\"><span style=\"font-size: small;\"><strong>> Camp 3<\/strong><\/span><\/span><\/h6>\n<p style=\"text-align: justify;\"><span style=\"color: #000000;\"><span style=\"font-size: small;\"> Du samedi <strong>4 <\/strong> au dimanche <strong>12 ao\u00fbt 2018<br \/> Ages <\/strong>: <em>9 \u00e0 12 ans<\/em><strong><br \/> Remplissage : <\/strong><\/span><\/span><span style=\"color: #99cc00;\"><span style=\"font-size: small;\"><strong><span style=\"text-decoration: underline;\"><span style=\"text-decoration: underline;\">PLACES DISPONIBLES<\/span><\/span><\/strong><\/span><\/span><span style=\"color: #000000;\"><span style=\"font-size: small; color: #ff6600;\"><strong><span style=\"text-decoration: underline;\"><br \/> <\/span><\/strong><\/span><span style=\"font-size: small;\"><strong>Responsables <\/strong>: Emmanuel et Sylvie Eicher<\/span><\/span><\/p>\n<hr style=\"height: 2px; border: 1px solid #cccccc; color: #ffffff;\" noshade=\"noshade\" size=\"2\" \/>\n<h5 style=\"text-align: left;\"> <\/h5>\n<p style=\"text-align: left;\"><span style=\"color: #000000;\"><span style=\"font-size: small;\"><strong> <br \/> Effectif maxi par camp <\/strong>: 50 participants<strong><br \/> <\/strong><strong><br \/> Lieu<\/strong> : Arzier (VD)<\/span><\/span><\/p>\n<p style=\"text-align: left;\"><span style=\"color: #000000;\"><span style=\"font-size: small;\"><strong><strong>Prix<\/strong><\/strong> : CHF 320.- ou \u20ac 280.-<br \/> (Les prix en euros sont indicatifs. Le cours sera fix\u00e9 \u00e0 la date de facturation).<\/span><\/span><\/p>\n<p style=\"text-align: left;\"><span style=\"color: #000000;\"><span style=\"font-size: small;\"><em style=\"text-align: left;\">Camps d\u00e9clar\u00e9s J+S Suisse.<br \/> R\u00e9duction pour les enfants d&rsquo;une m\u00eame famille inscrits \u00e0 un camp JAB Suisse romande. <\/em><\/span><\/span><\/p>\n<p style=\"text-align: justify;\"><span style=\"color: #000000;\"><span style=\"font-size: small;\"><span style=\"color: #ff6600;\"><strong>Renseignements &#038; contact :<\/strong><\/span><br \/> Emmanuel et Sylvie Eicher<br \/> <span style=\"font-size: small;\">T\u00e9l. : +33 (0)9.50.80.00.13<a href=\"..\/..\/camps\/details\/enfants_10.html\"><br \/> <\/a>camps.arzier@gmail.com<\/span><\/span><\/p>\n<p>&nbsp;<\/p>\n<p style=\"text-align: left;\"><a href=\"https:\/\/docs.google.com\/forms\/d\/e\/1FAIpQLSe_M8t2NBWAC1vqI-EhtULCnRL6yL_zXGzEWZI0nPNZW_kG3A\/viewform\" target=\"_blank\"><img loading=\"lazy\" class=\"alignleft\" style=\"border: 0pt none; margin-left: 10px;\" onmousedown=\"this.src='https:\/\/enfants2.jabsuisseromande.ch\/wp-content\/uploads\/jab_enfants\/web\/inscrip_violet.jpg';\" onmouseover=\"this.src='https:\/\/enfants2.jabsuisseromande.ch\/wp-content\/uploads\/jab_enfants\/web\/inscrip_bleu.jpg';\" onmouseout=\"this.src='https:\/\/enfants2.jabsuisseromande.ch\/wp-content\/uploads\/jab_enfants\/web\/inscrip_vert.jpg';\" alt=\"\" src=\"https:\/\/enfants2.jabsuisseromande.ch\/wp-content\/uploads\/jab_enfants\/web\/inscrip_vert.jpg\" width=\"262\" height=\"64\" \/><\/a><\/p>\n<p>&nbsp;<\/p>\n<p>&nbsp;<\/p>\n<\/td>\n<td style=\"text-align: justify;\" valign=\"top\">\n<div><span style=\"color: #78b634;\"><strong><span style=\"font-size: medium;\">TU AS ENTRE 7 ET 12 ANS ET TU CHERCHES UN <\/span><\/strong><\/span><\/div>\n<div><span style=\"color: #78b634;\"><strong><span style=\"font-size: medium;\">CAMP POUR PASSER DE SUPER VACANCES ? <\/span><\/strong><\/span><\/div>\n<div><span style=\"color: #78b634;\"><strong><span style=\"font-size: medium;\">ALORS TU ES A LA BONNE PLACE\u2026<\/span><\/strong><\/span><\/div>\n<div> <\/div>\n<div id=\"_mcePaste\"><em><span style=\"color: #000000;\">C\u2019est dans un petit coin de paradis, perch\u00e9 au-dessus du lac L\u00e9man et en face du Mont-Blanc que nous te proposons 8 jours de camp inoubliables et remplis de surprises. <\/span><\/em><\/div>\n<div> <\/div>\n<div><em><span style=\"color: #000000;\">Tu pourras t&rsquo;y faire plein d\u2019amis ou en retrouver d\u2019autres, mais faire aussi chaque jour du sport adapt\u00e9 \u00e0 ton niveau et des jeux renversants. A c\u00f4t\u00e9 de cela, babyfoot, ping-pong, trottinettes, jonglage, balan\u00e7oires, piscine, balades et autres activit\u00e9s te permettront de te d\u00e9fouler et de bien t\u2019amuser. Le matin, comme chaque ann\u00e9e, tu auras aussi la joie d\u2019\u00e9couter de belles histoires de la Bible et de te laisser surprendre par la grandeur de notre Cr\u00e9ateur. <\/span><\/em><\/div>\n<div> <\/div>\n<div><em><span style=\"color: #000000;\">Si ce programme te pla\u00eet, alors viens nous rejoindre ! Une \u00e9quipe de moniteurs sympas et dynamiques sera l\u00e0 pour t\u2019accueillir et tout de suite\u2026 s\u2019occuper de toi !<\/span><\/em><\/div>\n<h6><span style=\"color: #000000;\"><strong><br \/> <\/strong><\/span><\/h6>\n<p><span style=\"color: #000000;\"><strong> Lieu du camp<\/strong><br \/> Colonie Vivre<br \/> Chemin du Creux 2<br \/> CH-1273 Arzier<\/span><\/p>\n<p><span style=\"color: #000000;\"><strong>Remarques<\/strong><br \/> L&rsquo;\u00e2ge minimum indiqu\u00e9 correspond \u00e0 l&rsquo;\u00e2ge r\u00e9volu.<br \/> Les enfants sont attendus le samedi entre 16h00 et 17h00.<br \/> Aucun voyage (aller et retour) n&rsquo;est organis\u00e9 pour ces camps.<\/span><\/p>\n<p><span style=\"color: #000000;\"><strong>Staff<\/strong><br \/> Pour servir dans un camp, l&rsquo;\u00e2ge mini du moniteur est fix\u00e9 \u00e0 18 ans et celui de l&rsquo;aide cuisine \u00e0 17 ans. => Ecrire \u00e0 : camps.arzier@gmail.com<\/span><\/p>\n<p>&nbsp;<\/p>\n<p style=\"text-align: center;\"><a href=\"https:\/\/enfants2.jabsuisseromande.ch\/index.php\/enfants\/pages-enfants\/le-bon-coin\/\"><img loading=\"lazy\" class=\"aligncenter\" style=\"border: 0px none;\" onmousedown=\"this.src='https:\/\/enfants2.jabsuisseromande.ch\/wp-content\/uploads\/jab_enfants\/web\/bouton_bois_z.png';\" onmouseover=\"this.src='https:\/\/enfants2.jabsuisseromande.ch\/wp-content\/uploads\/jab_enfants\/web\/bouton_bois_y.png';\" onmouseout=\"this.src='https:\/\/enfants2.jabsuisseromande.ch\/wp-content\/uploads\/jab_enfants\/web\/bouton_bois_x.png';\" alt=\"\" src=\"https:\/\/enfants2.jabsuisseromande.ch\/wp-content\/uploads\/jab_enfants\/web\/bouton_bois_x.png\" width=\"456\" height=\"196\" \/><\/a><\/p>\n<p>&nbsp;<\/p>\n<p>&nbsp;<\/p>\n<p style=\"text-align: left;\"><a href=\"..\/\"><img loading=\"lazy\" class=\"alignleft\" style=\"border: 0pt none; margin-left: 80px;\" onmousedown=\"this.src='https:\/\/enfants2.jabsuisseromande.ch\/wp-content\/uploads\/jab_enfants\/web\/bouton_retour2_violetfonc\u00e9.jpg';\" onmouseover=\"this.src='https:\/\/enfants2.jabsuisseromande.ch\/wp-content\/uploads\/jab_enfants\/web\/bouton_retour2_vert.jpg';\" onmouseout=\"this.src='https:\/\/enfants2.jabsuisseromande.ch\/wp-content\/uploads\/jab_enfants\/web\/bouton_retour2_bleu.jpg';\" alt=\"\" src=\"https:\/\/enfants2.jabsuisseromande.ch\/wp-content\/uploads\/jab_enfants\/web\/bouton_retour2_bleu.jpg\" width=\"113\" height=\"42\" \/><\/a><\/p>\n<\/td>\n<\/tr>\n<\/tbody>\n<\/table>\n<p><img style=\"display: none;\" alt=\"\" src=\"https:\/\/enfants2.jabsuisseromande.ch\/wp-content\/uploads\/jab_enfants\/web\/bouton_bois_z.png\" \/><\/p>\n<p><img style=\"display: none;\" alt=\"\" src=\"https:\/\/enfants2.jabsuisseromande.ch\/wp-content\/uploads\/jab_enfants\/web\/inscrip_violet.jpg\" \/><\/p>\n","protected":false},"excerpt":{"rendered":"<p>&nbsp; camps enfants Arzier Ces camps sont d\u00e9clar\u00e9s Jeunesse et Sport Suisse cat\u00e9gorie \u00ab\u00a0Sport de camp \/ Trekking\u00a0\u00bb > Camp 1 Du samedi 7 au dimanche 15 juillet 2018 Ages : 7 \u00e0 10 ans (7 ans au d\u00e9but du camp) Remplissage : PLACES DISPONIBLES Responsables : Emmanuel et Sylvie Eicher > Camp 2 Du [&hellip;]<\/p>\n","protected":false},"author":3,"featured_media":0,"parent":2852,"menu_order":4,"comment_status":"closed","ping_status":"closed","template":"template-full-width.php","meta":{"ngg_post_thumbnail":0},"_links":{"self":[{"href":"https:\/\/enfants2.jabsuisseromande.ch\/index.php\/wp-json\/wp\/v2\/pages\/22067"}],"collection":[{"href":"https:\/\/enfants2.jabsuisseromande.ch\/index.php\/wp-json\/wp\/v2\/pages"}],"about":[{"href":"https:\/\/enfants2.jabsuisseromande.ch\/index.php\/wp-json\/wp\/v2\/types\/page"}],"author":[{"embeddable":true,"href":"https:\/\/enfants2.jabsuisseromande.ch\/index.php\/wp-json\/wp\/v2\/users\/3"}],"replies":[{"embeddable":true,"href":"https:\/\/enfants2.jabsuisseromande.ch\/index.php\/wp-json\/wp\/v2\/comments?post=22067"}],"version-history":[{"count":14,"href":"https:\/\/enfants2.jabsuisseromande.ch\/index.php\/wp-json\/wp\/v2\/pages\/22067\/revisions"}],"predecessor-version":[{"id":22144,"href":"https:\/\/enfants2.jabsuisseromande.ch\/index.php\/wp-json\/wp\/v2\/pages\/22067\/revisions\/22144"}],"up":[{"embeddable":true,"href":"https:\/\/enfants2.jabsuisseromande.ch\/index.php\/wp-json\/wp\/v2\/pages\/2852"}],"wp:attachment":[{"href":"https:\/\/enfants2.jabsuisseromande.ch\/index.php\/wp-json\/wp\/v2\/media?parent=22067"}],"curies":[{"name":"wp","href":"https:\/\/api.w.org\/{rel}","templated":true}]}}