{"id":2836,"date":"2012-01-27T14:04:50","date_gmt":"2012-01-27T12:04:50","guid":{"rendered":"https:\/\/test.jabsuisseromande.ch\/index.php\/"},"modified":"2018-03-09T09:49:55","modified_gmt":"2018-03-09T08:49:55","slug":"enfants","status":"publish","type":"page","link":"https:\/\/enfants2.jabsuisseromande.ch\/","title":{"rendered":"\u00a0\u00a0\u00a0\u00a0\u00a0\u00a0\u00a0\u00a0\u00a0\u00a0\u00a0\u00a0\u00a0\u00a0\u00a0\u00a0\u00a0\u00a0\u00a0Pages Camps Enfants\u00a0\u00a0\u00a0\u00a0\u00a0\u00a0\u00a0\u00a0\u00a0\u00a0\u00a0\u00a0\u00a0\u00a0\u00a0\u00a0\u00a0"},"content":{"rendered":"<div style=\"position: fixed; top: 0; left: 0; background: #000000; width: 100%; height: 100%; z-index: -11;\"> <\/div>\n<p>&nbsp;<\/p>\n<table style=\"height: 537px; width: 930px;\" border=\"0\" align=\"left\">\n<tbody>\n<tr>\n<td style=\"width: 600px;\"><img loading=\"lazy\" class=\"alignleft\" alt=\"\" src=\"https:\/\/enfants2.jabsuisseromande.ch\/wp-content\/uploads\/jab_enfants\/deco_pages\/maison_arzier_titre6.jpg\" width=\"717\" height=\"538\" \/><\/td>\n<td style=\"width: 300px; background-color: #7ab6f5; text-align: center; height: 537px;\" align=\"center\" valign=\"top\">\n<p style=\"text-align: center;\"><span style=\"font-size: large; color: #7ab6f5;\"><strong>espace<\/strong><\/span><\/p>\n<p style=\"text-align: center;\"><span style=\"color: #000000; font-size: large;\"><span style=\"font-family: arial;\"><strong>Pages d\u00e9di\u00e9es<br \/>aux camps enfants<\/strong><\/span><\/span><\/p>\n<p style=\"text-align: center;\"><span style=\"font-size: large;\"><\/p>\n<p> <\/span><\/p>\n<p style=\"text-align: center;\"><span style=\"font-size: large;\"><a href=\"https:\/\/enfants2.jabsuisseromande.ch\/index.php\/le-coin-photos\/\" class=\"woo-sc-button  custom\" style=\"background:#e651e6;border-color:#e651e6\"><span class=\"woo-\">Le coin Photos<\/span><\/a><\/p>\n<p style=\"text-align: center;\"><span style=\"font-size: large;\"><a href=\"https:\/\/enfants2.jabsuisseromande.ch\/index.php\/le-coin-videos\/\" class=\"woo-sc-button  custom\" style=\"background:#c345c2;border-color:#c345c2\"><span class=\"woo-\">Le coin Vid\u00e9os<\/span><\/a><\/p>\n<p style=\"text-align: center;\"><span style=\"font-size: large;\"><a href=\"https:\/\/enfants2.jabsuisseromande.ch\/index.php\/le-bon-coin\/\" class=\"woo-sc-button  custom\" style=\"background:#803c80;border-color:#803c80\"><span class=\"woo-\">Infos &amp; Divers<\/span><\/a><\/p>\n<p style=\"text-align: center;\"><span style=\"font-size: large;\"><a href=\"https:\/\/enfants2.jabsuisseromande.ch\/index.php\/enfants\/pages-enfants\/camps-enfants\/\" class=\"woo-sc-button  red\" ><span class=\"woo-\">Faire un Camp<\/span><\/a>&#8212;&#8212;&#8212;&#8212;&#8212;&#8212;&#8212;&#8212;&#8211;<\/p>\n<p style=\"text-align: center;\"><span style=\"color: #0000ff;\"><span style=\"font-family: comic sans ms,sans-serif;\"><span style=\"font-size: medium;\"><strong>Bonne exploration !<\/strong><\/span><\/span><\/span><\/p>\n<p style=\"text-align: center;\"><span style=\"color: #0000ff;\"><span style=\"font-family: comic sans ms,sans-serif;\"><span style=\"font-size: medium;\"><a href=\"#go_jeu\"><img loading=\"lazy\" class=\"aligncenter\" style=\"background-color: #7ab6f5; border: 0pt none;\" onmouseover=\"this.src='https:\/\/enfants2.jabsuisseromande.ch\/wp-content\/uploads\/jab_enfants\/web\/bouton_jeu3b.png';\" onmouseout=\"this.src='https:\/\/enfants2.jabsuisseromande.ch\/wp-content\/uploads\/jab_enfants\/web\/bouton_jeu3a.png';\" alt=\"\" src=\"https:\/\/enfants2.jabsuisseromande.ch\/wp-content\/uploads\/jab_enfants\/web\/bouton_jeu3a.png\" width=\"77\" height=\"48\" \/><br \/> <\/a><\/span><\/span><\/span><\/p>\n<\/td>\n<\/tr>\n<\/tbody>\n<\/table>\n<p>&nbsp;<\/p>\n<table style=\"width: 930px;\" border=\"0\">\n<tbody>\n<tr>\n<td style=\"background-color: #ab73e2; border: 22px solid #ab73e2; width: 930px;\">\n<p style=\"text-align: justify;\"><span style=\"color: #000000;\"><span style=\"font-family: comic sans ms,sans-serif;\"><span style=\"font-size: medium;\"><strong>\u00a8VIVRE\u00a8 : c\u2019est le nom de la colonie o\u00f9 se d\u00e9roulent les camps d\u2019\u00e9t\u00e9 pour les enfants de 7 \u00e0 12 ans.<\/strong><\/span><\/span><\/span><\/p>\n<p style=\"text-align: justify;\"><span style=\"color: #000000;\"><span style=\"font-family: comic sans ms,sans-serif;\"><span style=\"font-size: medium;\">Etablie \u00e0 900 m\u00e8tres d\u2019altitude, juste \u00e0 la sortie d\u2019Arzier (VD) sur la route de St-Cergue, la propri\u00e9t\u00e9 offre une magnifique vue sur le Mont-Blanc. Elle met \u00e0 disposition diff\u00e9rents terrains de jeux (foot, badminton, basket&#8230;), une piscine, une salle polyvalente, un coin biblioth\u00e8que, etc. Chaque enfant a de quoi s\u2019amuser en toute s\u00e9curit\u00e9.<br \/> Le b\u00e2timent principal, une ancienne maison de ma\u00eetre, peut accueillir 50 participants par camp.<\/span><\/span><\/span><\/p>\n<p style=\"text-align: justify;\"><span style=\"color: #000000;\"><span style=\"font-family: comic sans ms,sans-serif;\"><span style=\"font-size: medium;\">Au programme des s\u00e9jours, tout ce que les enfants aiment : sport, jeux, bricolages, baignades et autres d\u00e9couvertes&#8230; dont celle, chaque matin, d\u2019une histoire de la Bible.<br \/> D\u00e9couvrez en images les camps enfants dans les galeries photos et vid\u00e9os !<\/span><\/span><\/span><\/p>\n<\/td>\n<\/tr>\n<\/tbody>\n<\/table>\n<h2 id=\"go_jeu\"> <\/h2>\n<p>&nbsp;<\/p>\n<table style=\"width: 930px; border-color: #ffffff; border-width: 2px; border-style: solid;\" border=\"2\" cellspacing=\"0\">\n<tbody>\n<tr>\n<td style=\"background-color: #f52c2c; border: 22px solid #f52c2c;\">\n<p style=\"text-align: justify;\"><span style=\"color: #000000;\"><span style=\"font-family: book antiqua,palatino;\"><span style=\"font-size: medium;\"><span style=\"font-family: arial black,avant garde;\"><strong>Jeu<\/strong><\/span><strong> : 3 \u00e9cureuils se sont cach\u00e9s dans les pages enfants (mais pas \u00e0 l&rsquo;int\u00e9rieur des vid\u00e9os, ni \u00e0 l&rsquo;int\u00e9rieur des diaporamas photos). Essaie de les retrouver !<\/strong><\/span><\/span><\/span><\/p>\n<p style=\"text-align: justify;\"><span style=\"color: #000000;\"><span style=\"font-family: book antiqua,palatino;\"><span style=\"font-size: medium;\"><strong>Au prochain camp \u00e0 Arzier, si tu peux dire \u00e0 Go\u00e9land dans quelles pages ils sont planqu\u00e9s, tu recevras une petite r\u00e9compense&#8230; Sois fut\u00e9 ! Bonne chance !<br \/><\/strong><\/span><\/span><\/span><\/p>\n<\/td>\n<td style=\"background-color: #ffff33; border: 22px solid #ffff33; width: 280px;\">\n<p style=\"text-align: justify;\"><span style=\"color: #000000;\"><span style=\"font-size: medium;\"><span style=\"font-family: comic sans ms,sans-serif;\"><strong>Une question, une r\u00e9ponse, un petit<br \/> mot, un commentaire par e-mail\u2026 c&rsquo;est possible, c\u2019est ici ========><\/strong><\/span><\/span><\/span><\/p>\n<\/td>\n<td style=\"width: 150px; background-color: #ffff33; border: 1px solid #ffff33;\" align=\"center\" valign=\"middle\"><a href=\"mailto:camps.arzier@gmail.com\"><span style=\"font-size: small;\"><span style=\"font-family: verdana,geneva;\"><strong><img loading=\"lazy\" class=\"aligncenter\" style=\"background-color: #ffff33; border: 0pt none;\" onmousedown=\"this.src='https:\/\/enfants2.jabsuisseromande.ch\/wp-content\/uploads\/jab_enfants\/web\/mailbox3.gif';\" onmouseover=\"this.src='https:\/\/enfants2.jabsuisseromande.ch\/wp-content\/uploads\/jab_enfants\/web\/mailbox_ondul_jaune2.gif';\" onmouseout=\"this.src='https:\/\/enfants2.jabsuisseromande.ch\/wp-content\/uploads\/jab_enfants\/web\/mailbox1.png';\" alt=\"\" src=\"https:\/\/enfants2.jabsuisseromande.ch\/wp-content\/uploads\/jab_enfants\/web\/mailbox1.png\" width=\"150\" height=\"150\" \/><\/strong><\/span><\/span><\/a><\/td>\n<\/tr>\n<\/tbody>\n<\/table>\n<h2 id=\"go_annonce\"> <\/h2>\n<p>&nbsp;<\/p>\n<p style=\"text-align: center;\"> <a href=\"https:\/\/enfants2.jabsuisseromande.ch\/wp-content\/uploads\/jab_enfants\/divers\/cadre_annonce.pdf\" target=\"_blank\"><img loading=\"lazy\" class=\"aligncenter\" style=\"border: 0px none;\" alt=\"\" src=\"https:\/\/enfants2.jabsuisseromande.ch\/wp-content\/uploads\/jab_enfants\/divers\/cadre_annonce.jpg\" width=\"596\" height=\"448\" \/><\/a><\/p>\n<p>&nbsp;<\/p>\n","protected":false},"excerpt":{"rendered":"<p>&nbsp; espace Pages d\u00e9di\u00e9esaux camps enfants &#8212;&#8212;&#8212;&#8212;&#8212;&#8212;&#8212;&#8212;&#8211; Bonne exploration ! &nbsp; \u00a8VIVRE\u00a8 : c\u2019est le nom de la colonie o\u00f9 se d\u00e9roulent les camps d\u2019\u00e9t\u00e9 pour les enfants de 7 \u00e0 12 ans. Etablie \u00e0 900 m\u00e8tres d\u2019altitude, juste \u00e0 la sortie d\u2019Arzier (VD) sur la route de St-Cergue, la propri\u00e9t\u00e9 offre une magnifique vue [&hellip;]<\/p>\n","protected":false},"author":3,"featured_media":0,"parent":0,"menu_order":1,"comment_status":"open","ping_status":"closed","template":"template-full-width.php","meta":{"ngg_post_thumbnail":0},"_links":{"self":[{"href":"https:\/\/enfants2.jabsuisseromande.ch\/index.php\/wp-json\/wp\/v2\/pages\/2836"}],"collection":[{"href":"https:\/\/enfants2.jabsuisseromande.ch\/index.php\/wp-json\/wp\/v2\/pages"}],"about":[{"href":"https:\/\/enfants2.jabsuisseromande.ch\/index.php\/wp-json\/wp\/v2\/types\/page"}],"author":[{"embeddable":true,"href":"https:\/\/enfants2.jabsuisseromande.ch\/index.php\/wp-json\/wp\/v2\/users\/3"}],"replies":[{"embeddable":true,"href":"https:\/\/enfants2.jabsuisseromande.ch\/index.php\/wp-json\/wp\/v2\/comments?post=2836"}],"version-history":[{"count":244,"href":"https:\/\/enfants2.jabsuisseromande.ch\/index.php\/wp-json\/wp\/v2\/pages\/2836\/revisions"}],"predecessor-version":[{"id":22137,"href":"https:\/\/enfants2.jabsuisseromande.ch\/index.php\/wp-json\/wp\/v2\/pages\/2836\/revisions\/22137"}],"wp:attachment":[{"href":"https:\/\/enfants2.jabsuisseromande.ch\/index.php\/wp-json\/wp\/v2\/media?parent=2836"}],"curies":[{"name":"wp","href":"https:\/\/api.w.org\/{rel}","templated":true}]}}