{"id":3004,"date":"2012-03-11T23:52:05","date_gmt":"2012-03-11T21:52:05","guid":{"rendered":"https:\/\/test.jabsuisseromande.ch\/index.php\/"},"modified":"2020-10-13T15:54:17","modified_gmt":"2020-10-13T14:54:17","slug":"le-coin-videos","status":"publish","type":"page","link":"https:\/\/enfants2.jabsuisseromande.ch\/index.php\/enfants\/pages-enfants\/le-coin-videos\/","title":{"rendered":"Le Coin Vid\u00e9os"},"content":{"rendered":"<style type=\"text\/css\"><!--\n* focus, object, player, embed{ outline: none }\n--><\/style>\n<div style=\"position: fixed; top: 0; left: 0; background: #800080; width: 100%; height: 100%; z-index: -11;\">\u00a0<\/div>\n<p>\n<script type=\"text\/javascript\">\/\/ <![CDATA[\nwindow.onload = function(){\n  window.location.href = \"#go_start\";\n}\n\/\/ ]]><\/script>\n<\/p>\n<h2 id=\"go_start\">\u00a0<\/h2>\n<p>&nbsp;<\/p>\n<p style=\"text-align: left; padding-left: 240px;\"><strong><span style=\"font-family: comic sans ms,sans-serif;\"><span style=\"font-size: xx-large;\">Vid\u00e9os Souvenirs<\/span><\/span><\/strong><\/p>\n<p>&nbsp;<\/p>\n<table style=\"width: 928px; height: 396px;\" border=\"0\" cellspacing=\"0\" align=\"center\">\n<tbody>\n<tr>\n<td style=\"width: 704px; border: 0px solid #9f9f9f; background-color: #9f9f9f; height: 396px; text-align: center;\"><div class='jwplayer' id='jwplayer-0'><\/div><script type='text\/javascript'>if(typeof(jQuery)==\"function\"){(function($){$.fn.fitVids=function(){}})(jQuery)};jwplayer('jwplayer-0').setup({\"controls\":false,\"autostart\":true,\"height\":408,\"width\":725,\"listbar__position\":\"none\",\"repeat\":true,\"primary\":\"html5\",\"fallback\":false,\"aspectratio\":null,\"file\":\"https:\/\/enfants2.jabsuisseromande.ch\/wp-content\/gallery\/jab_enfants\/intro_lion.mp4\"});\n<\/script><\/td>\n<td style=\"background-color: #9f9f9f; height: 396px; border: 0px solid #9f9f9f; width: 224px;\" valign=\"top\">\n<p style=\"text-align: center;\"><img loading=\"lazy\" class=\"aligncenter\" style=\"background-color: #9f9f9f; border: 0pt none;\" onmousedown=\"this.src='https:\/\/enfants2.jabsuisseromande.ch\/wp-content\/uploads\/jab_enfants\/deco_pages\/projo1b_gris.jpg';\" onmouseover=\"this.src='https:\/\/enfants2.jabsuisseromande.ch\/wp-content\/uploads\/jab_enfants\/deco_pages\/camera3b_gris.jpg';\" onmouseout=\"this.src='https:\/\/enfants2.jabsuisseromande.ch\/wp-content\/uploads\/jab_enfants\/deco_pages\/projo2b_gris.jpg';\" alt=\"\" src=\"https:\/\/enfants2.jabsuisseromande.ch\/wp-content\/uploads\/jab_enfants\/deco_pages\/projo2b_gris.jpg\" width=\"164\" height=\"187\" \/><\/p>\n<p style=\"text-align: center;\"><span style=\"color: #ffffff;\"><span style=\"font-size: large;\"><strong><span style=\"font-family: comic sans ms,sans-serif;\">Ann\u00e9e de camp<\/span><\/strong><\/span><\/span><\/p>\n<p style=\"text-align: center;\"><a href=\"https:\/\/enfants2.jabsuisseromande.ch\/index.php\/enfants\/pages-enfants\/pages-videos\/video-2017\"><span style=\"color: #ffcc99;\"><span style=\"font-size: large;\"><strong><span style=\"font-family: comic sans ms,sans-serif;\">2017<\/span><\/strong><\/span><\/span><\/a><\/p>\n<p style=\"text-align: center;\"><a href=\"https:\/\/enfants2.jabsuisseromande.ch\/index.php\/enfants\/pages-enfants\/pages-videos\/video-2015\"><span style=\"color: #ccffcc;\"><span style=\"font-size: large;\"><strong><span style=\"font-family: comic sans ms,sans-serif;\">2015<\/span><\/strong><\/span><\/span><\/a><\/p>\n<p style=\"text-align: center;\"><a href=\"https:\/\/enfants2.jabsuisseromande.ch\/index.php\/enfants\/pages-enfants\/pages-videos\/video-2016\"><span style=\"color: #99ccff;\"><span style=\"font-size: large;\"><strong><span style=\"font-family: comic sans ms,sans-serif;\">2016<\/span><\/strong><\/span><\/span><\/a><\/p>\n<p style=\"text-align: center;\"><a href=\"https:\/\/enfants2.jabsuisseromande.ch\/index.php\/enfants\/pages-enfants\/pages-videos\/videos-plus-anciennes\"><span style=\"color: #ffff99;\"><span style=\"font-size: large;\"><strong><span style=\"font-family: comic sans ms,sans-serif;\">Autres<\/span><\/strong><\/span><\/span><\/a><\/p>\n<p style=\"text-align: center;\"><a href=\"https:\/\/enfants2.jabsuisseromande.ch\/index.php\/enfants\/pages-enfants\/le-bon-coin\/le-coin-special-medias\"><span style=\"color: #ab5500;\"><span style=\"font-size: large;\"><strong><span style=\"font-family: comic sans ms,sans-serif;\">Sp\u00e9cial<\/span><\/strong><\/span><\/span><\/a><\/p>\n<\/td>\n<\/tr>\n<\/tbody>\n<\/table>\n<p>&nbsp;<\/p>\n<p><a href=\"..\/\"><img loading=\"lazy\" class=\"alignright\" style=\"border: 0pt none; margin-right: 60px;\" onmousedown=\"this.src='https:\/\/enfants2.jabsuisseromande.ch\/wp-content\/uploads\/jab_enfants\/web\/bouton_retour_rond_down.jpg';\" onmouseover=\"this.src='https:\/\/enfants2.jabsuisseromande.ch\/wp-content\/uploads\/jab_enfants\/web\/bouton_retour_rond_down.jpg';\" onmouseout=\"this.src='https:\/\/enfants2.jabsuisseromande.ch\/wp-content\/uploads\/jab_enfants\/web\/bouton_retour_rond.jpg';\" alt=\"\" src=\"https:\/\/enfants2.jabsuisseromande.ch\/wp-content\/uploads\/jab_enfants\/web\/bouton_retour_rond.jpg\" width=\"70\" height=\"66\" \/><\/a><\/p>\n<p>&nbsp;<\/p>\n<p>&nbsp;<\/p>\n<p>&nbsp;<\/p>\n","protected":false},"excerpt":{"rendered":"<p>\u00a0 \u00a0 &nbsp; Vid\u00e9os Souvenirs &nbsp; Ann\u00e9e de camp 2017 2015 2016 Autres Sp\u00e9cial &nbsp; &nbsp; &nbsp; &nbsp;<\/p>\n","protected":false},"author":3,"featured_media":0,"parent":2852,"menu_order":2,"comment_status":"open","ping_status":"closed","template":"template-full-width.php","meta":{"ngg_post_thumbnail":0},"_links":{"self":[{"href":"https:\/\/enfants2.jabsuisseromande.ch\/index.php\/wp-json\/wp\/v2\/pages\/3004"}],"collection":[{"href":"https:\/\/enfants2.jabsuisseromande.ch\/index.php\/wp-json\/wp\/v2\/pages"}],"about":[{"href":"https:\/\/enfants2.jabsuisseromande.ch\/index.php\/wp-json\/wp\/v2\/types\/page"}],"author":[{"embeddable":true,"href":"https:\/\/enfants2.jabsuisseromande.ch\/index.php\/wp-json\/wp\/v2\/users\/3"}],"replies":[{"embeddable":true,"href":"https:\/\/enfants2.jabsuisseromande.ch\/index.php\/wp-json\/wp\/v2\/comments?post=3004"}],"version-history":[{"count":135,"href":"https:\/\/enfants2.jabsuisseromande.ch\/index.php\/wp-json\/wp\/v2\/pages\/3004\/revisions"}],"predecessor-version":[{"id":22154,"href":"https:\/\/enfants2.jabsuisseromande.ch\/index.php\/wp-json\/wp\/v2\/pages\/3004\/revisions\/22154"}],"up":[{"embeddable":true,"href":"https:\/\/enfants2.jabsuisseromande.ch\/index.php\/wp-json\/wp\/v2\/pages\/2852"}],"wp:attachment":[{"href":"https:\/\/enfants2.jabsuisseromande.ch\/index.php\/wp-json\/wp\/v2\/media?parent=3004"}],"curies":[{"name":"wp","href":"https:\/\/api.w.org\/{rel}","templated":true}]}}