{"id":3376,"date":"2012-03-15T11:17:29","date_gmt":"2012-03-15T09:17:29","guid":{"rendered":"https:\/\/test.jabsuisseromande.ch\/index.php\/"},"modified":"2013-09-27T11:54:17","modified_gmt":"2013-09-27T09:54:17","slug":"infos-2012","status":"publish","type":"page","link":"https:\/\/enfants2.jabsuisseromande.ch\/index.php\/enfants\/pages-enfants\/le-bon-coin\/infos-2012\/","title":{"rendered":"Sp\u00e9cial infos"},"content":{"rendered":"<div style=\"position: fixed; top: 0; left: 0; background: #800080; width: 100%; height: 100%; z-index: -11;\">\u00a0<\/div>\n<p>\n<script type=\"text\/javascript\">\/\/ <![CDATA[\nwindow.onload = function(){\n  window.location.href = \"#start\";\n}\n\/\/ ]]><\/script>\n<\/p>\n<h2 id=\"start\">\u00a0<\/h2>\n<p><span style=\"font-family: comic sans ms,sans-serif;\"><span style=\"font-size: x-large;\"><strong>2012, une ann\u00e9e un peu sp\u00e9ciale !<\/strong><\/span><\/span><strong><span style=\"text-decoration: underline;\"><br \/> <\/span><\/strong><\/p>\n<p>&nbsp;<\/p>\n<p><span style=\"font-family: comic sans ms,sans-serif;\"><span style=\"font-size: medium;\"><strong>Du changement dans les camps enfants :<\/strong><\/span><\/span><\/p>\n<p>&nbsp;<\/p>\n<p><span style=\"font-family: comic sans ms,sans-serif;\"><span style=\"font-size: medium;\">Apr\u00e8s plus de 20 ann\u00e9es de service, de d\u00e9vouement et de fid\u00e9lit\u00e9, Claude-Alain et Annie Nuti<\/span><\/span><\/p>\n<p><span style=\"font-family: comic sans ms,sans-serif;\"><span style=\"font-size: medium;\">ont d\u00e9cid\u00e9 de transmettre la responsabilit\u00e9 des camps. Ainsi, suite \u00e0 une p\u00e9riode d\u2019exploration<\/span><\/span><\/p>\n<p><span style=\"font-family: comic sans ms,sans-serif;\"><span style=\"font-size: medium;\">et de r\u00e9flexions, Emmanuel et Sylvie Eicher ont repris le flambeau !<\/span><\/span><\/p>\n<p>&nbsp;<\/p>\n<p><span style=\"font-family: comic sans ms,sans-serif;\"><span style=\"font-size: medium;\">Un grand merci \u00e0 toute la famille Nuti pour leur travail accompli pendant tant d\u2019ann\u00e9es.<\/span><\/span><\/p>\n<p>&nbsp;<\/p>\n<p>&nbsp;<\/p>\n<p><span style=\"font-size: small;\"><span style=\"font-family: trebuchet ms,geneva;\"><a href=\"..\/index.php\/infos-responsables\/\">Quelques mots sur les nouveaux responsables<\/a>&#8230;<\/span><\/span><a href=\"..\/index.php\/infos-responsables\/\"><img loading=\"lazy\" class=\"alignnone;\" style=\"border: 0pt none;\" alt=\"\" src=\"https:\/\/enfants2.jabsuisseromande.ch\/wp-content\/uploads\/jab_enfants\/web\/fleche_droite.gif\" width=\"64\" height=\"64\" \/><\/a><\/p>\n<p>&nbsp;<\/p>\n<p>&nbsp;<\/p>\n<p><span style=\"font-size: medium;\"><span style=\"font-family: comic sans ms,sans-serif;\"><strong>50<sup>\u00e8me<\/sup> !<\/strong><\/span><\/span><\/p>\n<p><span style=\"font-size: medium;\"><span style=\"font-family: comic sans ms,sans-serif;\">L&rsquo;ann\u00e9e 2012 a \u00e9t\u00e9 la 50<sup>\u00e8me<\/sup> ann\u00e9e des camps !<\/span><\/span><\/p>\n<p><span style=\"font-size: medium;\"><span style=\"font-family: comic sans ms,sans-serif;\">Et oui, tout a commenc\u00e9 en 1962, au Roc, quand Samuel et H\u00e9l\u00e8ne Grandjean ont \u00e9t\u00e9 conduits<\/span><\/span><\/p>\n<p><span style=\"font-size: medium;\"><span style=\"font-family: comic sans ms,sans-serif;\">\u00e0 d\u00e9marrer ce travail extraordinaire.<\/span><\/span><\/p>\n<p><span style=\"font-size: medium;\"><span style=\"font-family: comic sans ms,sans-serif;\">Apr\u00e8s une 30<sup>aine<\/sup> d&rsquo;ann\u00e9es de service, Claude-Alain et Annie Nuti ont pris la rel\u00e8ve.<\/span><\/span><\/p>\n<p><span style=\"font-size: medium;\"><span style=\"font-family: comic sans ms,sans-serif;\">Puis, apr\u00e8s quelques ann\u00e9es d&rsquo;activit\u00e9s au Roc, ces derniers ont d\u00e9m\u00e9nag\u00e9 les camps \u00e0 Arzier,<\/span><\/span><\/p>\n<p><span style=\"font-size: medium;\"><span style=\"font-family: comic sans ms,sans-serif;\">un bel endroit au dessus de Gland, lieu actuel des camps. <\/span><\/span><\/p>\n<p>&nbsp;<\/p>\n<p><span style=\"font-size: medium;\"><span style=\"font-family: comic sans ms,sans-serif;\">Les enfants qui \u00e9taient pr\u00e9sents au 50<sup>\u00e8me<\/sup>, en 2012, ont eu la joie d&rsquo;y rencontrer les fondateurs des camps. <\/span><\/span><\/p>\n<p><span style=\"font-size: medium;\"><span style=\"font-family: comic sans ms,sans-serif;\">En effet, Samuel et H\u00e9l\u00e8ne se sont sp\u00e9cialement d\u00e9plac\u00e9s \u00e0 chaque camp pour parler de leurs exp\u00e9riences, <\/span><\/span><\/p>\n<p><span style=\"font-size: medium;\"><span style=\"font-family: comic sans ms,sans-serif;\">lors de la rencontre de cl\u00f4ture. Quelle joie de les retrouver toujours aussi motiv\u00e9s et dynamiques !<\/span><\/span><\/p>\n<p style=\"text-align: left; padding-left: 270px;\"><span style=\"font-size: medium;\"><span style=\"font-family: comic sans ms,sans-serif;\"><span style=\"font-size: small;\">(retrouvez-les en images dans les galeries photos et vid\u00e9os 2012)<\/span><br \/><\/span><\/span><\/p>\n<p><span style=\"font-size: medium;\"><span style=\"font-family: comic sans ms,sans-serif;\"><br \/> <\/span><\/span><\/p>\n<p><a href=\"https:\/\/enfants2.jabsuisseromande.ch\/wp-content\/uploads\/jab_enfants\/deco_pages\/roc_cologny_1.jpg\" target=\"_blank\"><img loading=\"lazy\" class=\"alignnone\" alt=\"\" src=\"https:\/\/enfants2.jabsuisseromande.ch\/wp-content\/uploads\/jab_enfants\/deco_pages\/roc_cologny_1.jpg\" width=\"922\" height=\"518\" \/><\/a><\/p>\n<p style=\"text-align: center;\"><strong>Photo au Roc \u00e0 Cologny<\/strong><\/p>\n<p><span style=\"font-size: medium;\"><span style=\"font-family: comic sans ms,sans-serif;\"><br \/> <\/span><\/span><\/p>\n<p><a href=\"https:\/\/enfants2.jabsuisseromande.ch\/wp-content\/uploads\/jab_enfants\/deco_pages\/photo_50ans.jpg\" target=\"_blank\"><img loading=\"lazy\" class=\"alignnone\" alt=\"\" src=\"https:\/\/enfants2.jabsuisseromande.ch\/wp-content\/uploads\/jab_enfants\/deco_pages\/photo_50ans.jpg\" width=\"922\" height=\"518\" \/><\/a><\/p>\n<p style=\"text-align: center;\"><strong>Photo \u00e0 Arzier \u00e9t\u00e9 2012<\/strong><\/p>\n<p><img loading=\"lazy\" class=\"alignright\" style=\"border: 0pt none;\" onmousedown=\"this.src='https:\/\/enfants2.jabsuisseromande.ch\/wp-content\/uploads\/jab_enfants\/deco_pages\/banane_cadre2.gif';\" onmouseup=\"this.src='https:\/\/enfants2.jabsuisseromande.ch\/wp-content\/uploads\/jab_enfants\/deco_pages\/bananacat_b.jpg';\" onmouseover=\"this.src='https:\/\/enfants2.jabsuisseromande.ch\/wp-content\/uploads\/jab_enfants\/deco_pages\/banane_cadre.gif';\" onmouseout=\"this.src='https:\/\/enfants2.jabsuisseromande.ch\/wp-content\/uploads\/jab_enfants\/deco_pages\/banane_mov.gif';\" alt=\"\" src=\"https:\/\/enfants2.jabsuisseromande.ch\/wp-content\/uploads\/jab_enfants\/deco_pages\/banane_mov.gif\" width=\"250\" height=\"250\" \/><\/p>\n<p><a href=\"..\/\"><img loading=\"lazy\" class=\"alignright\" style=\"margin-right: 133px; border: 0pt none;\" onmousedown=\"this.src='https:\/\/enfants2.jabsuisseromande.ch\/wp-content\/uploads\/jab_enfants\/web\/bouton_retour2_violet.jpg';\" onmouseup=\"this.src='https:\/\/enfants2.jabsuisseromande.ch\/wp-content\/uploads\/jab_enfants\/web\/bouton_retour2_bleu.jpg';\" onmouseover=\"this.src='https:\/\/enfants2.jabsuisseromande.ch\/wp-content\/uploads\/jab_enfants\/web\/bouton_retour2_vert.jpg';\" onmouseout=\"this.src='https:\/\/enfants2.jabsuisseromande.ch\/wp-content\/uploads\/jab_enfants\/web\/bouton_retour2_rouge.jpg';\" alt=\"\" src=\"https:\/\/enfants2.jabsuisseromande.ch\/wp-content\/uploads\/jab_enfants\/web\/bouton_retour2_bleu.jpg\" width=\"113\" height=\"42\" \/><\/a><\/p>\n<p><img style=\"display: none;\" alt=\"\" src=\"https:\/\/enfants2.jabsuisseromande.ch\/wp-content\/uploads\/jab_enfants\/deco_pages\/banane_cadre2.gif\" \/><\/p>\n<p style=\"text-align: left;\"><strong><br \/> <\/strong><\/p>\n<p>&nbsp;<\/p>\n<p>&nbsp;<\/p>\n<p>&nbsp;<\/p>\n","protected":false},"excerpt":{"rendered":"<p>\u00a0 \u00a0 2012, une ann\u00e9e un peu sp\u00e9ciale ! &nbsp; Du changement dans les camps enfants : &nbsp; Apr\u00e8s plus de 20 ann\u00e9es de service, de d\u00e9vouement et de fid\u00e9lit\u00e9, Claude-Alain et Annie Nuti ont d\u00e9cid\u00e9 de transmettre la responsabilit\u00e9 des camps. Ainsi, suite \u00e0 une p\u00e9riode d\u2019exploration et de r\u00e9flexions, Emmanuel et Sylvie Eicher [&hellip;]<\/p>\n","protected":false},"author":3,"featured_media":0,"parent":5086,"menu_order":1,"comment_status":"open","ping_status":"closed","template":"template-full-width.php","meta":{"ngg_post_thumbnail":0},"_links":{"self":[{"href":"https:\/\/enfants2.jabsuisseromande.ch\/index.php\/wp-json\/wp\/v2\/pages\/3376"}],"collection":[{"href":"https:\/\/enfants2.jabsuisseromande.ch\/index.php\/wp-json\/wp\/v2\/pages"}],"about":[{"href":"https:\/\/enfants2.jabsuisseromande.ch\/index.php\/wp-json\/wp\/v2\/types\/page"}],"author":[{"embeddable":true,"href":"https:\/\/enfants2.jabsuisseromande.ch\/index.php\/wp-json\/wp\/v2\/users\/3"}],"replies":[{"embeddable":true,"href":"https:\/\/enfants2.jabsuisseromande.ch\/index.php\/wp-json\/wp\/v2\/comments?post=3376"}],"version-history":[{"count":103,"href":"https:\/\/enfants2.jabsuisseromande.ch\/index.php\/wp-json\/wp\/v2\/pages\/3376\/revisions"}],"predecessor-version":[{"id":9851,"href":"https:\/\/enfants2.jabsuisseromande.ch\/index.php\/wp-json\/wp\/v2\/pages\/3376\/revisions\/9851"}],"up":[{"embeddable":true,"href":"https:\/\/enfants2.jabsuisseromande.ch\/index.php\/wp-json\/wp\/v2\/pages\/5086"}],"wp:attachment":[{"href":"https:\/\/enfants2.jabsuisseromande.ch\/index.php\/wp-json\/wp\/v2\/media?parent=3376"}],"curies":[{"name":"wp","href":"https:\/\/api.w.org\/{rel}","templated":true}]}}