{"id":5086,"date":"2013-01-02T16:23:47","date_gmt":"2013-01-02T14:23:47","guid":{"rendered":"https:\/\/test.jabsuisseromande.ch\/?page_id=5086"},"modified":"2018-02-24T11:19:46","modified_gmt":"2018-02-24T10:19:46","slug":"le-bon-coin","status":"publish","type":"page","link":"https:\/\/enfants2.jabsuisseromande.ch\/index.php\/enfants\/pages-enfants\/le-bon-coin\/","title":{"rendered":"Le Bon Coin"},"content":{"rendered":"<div style=\"position: fixed; top: 0; left: 0; background: #803c80; width: 100%; height: 100%; z-index: -11;\">\u00a0<\/div>\n<p>\n<script type=\"text\/javascript\">\/\/ <![CDATA[\nwindow.onload = function(){\n  window.location.href = \"#start\";\n}\n\/\/ ]]><\/script>\n<\/p>\n<h2 id=\"start\">\u00a0<\/h2>\n<p>&nbsp;<\/p>\n<p style=\"text-align: left; padding-left: 150px;\"><strong><span style=\"font-family: comic sans ms,sans-serif;\"><span style=\"font-size: xx-large;\">Le Coin Infos &#038; Divers \ud83d\ude42 <\/span><\/span><\/strong><\/p>\n<p>&nbsp;<\/p>\n<p style=\"padding-left: 150px;\"><span style=\"font-size: medium;\">Tu trouveras ici des informations int\u00e9ressantes sur les camps ainsi que la pr\u00e9sentation du staff&#8230;<\/span><\/p>\n<p>&nbsp;<\/p>\n<table class=\"aligncenter\" style=\"width: 927px;\" border=\"0\" cellspacing=\"0\" cellpadding=\"0\" align=\"center\">\n<tbody>\n<tr>\n<td style=\"width: 145px; height: 100px;\" align=\"center\" valign=\"middle\">\u00a0<\/td>\n<td style=\"width: 110px; height: 100px;\" align=\"left\" valign=\"middle\"><a href=\"https:\/\/enfants2.jabsuisseromande.ch\/index.php\/enfants\/pages-enfants\/camps-enfants\/\"><img loading=\"lazy\" style=\"border: 0px none;\" onmousedown=\"this.src='https:\/\/enfants2.jabsuisseromande.ch\/wp-content\/uploads\/jab_enfants\/web\/ok3b.jpg';\" onmouseup=\"this.src='https:\/\/enfants2.jabsuisseromande.ch\/wp-content\/uploads\/jab_enfants\/web\/ok3.jpg';\" onmouseover=\"this.src='https:\/\/enfants2.jabsuisseromande.ch\/wp-content\/uploads\/jab_enfants\/web\/ok3.jpg';\" onmouseout=\"this.src='https:\/\/enfants2.jabsuisseromande.ch\/wp-content\/uploads\/jab_enfants\/web\/bouton_go1.jpg';\" alt=\"\" src=\"https:\/\/enfants2.jabsuisseromande.ch\/wp-content\/uploads\/jab_enfants\/web\/bouton_go1.jpg\" width=\"75\" height=\"75\" \/><\/a><\/td>\n<td style=\"width: 300px; height: 100px; text-align: left;\" align=\"center\" valign=\"middle\"><span style=\"font-size: large; font-family: comic sans ms,sans-serif;\">Dates des camps &#038; Infos pratiques<\/span><\/td>\n<td style=\"width: 100px; text-align: left;\" rowspan=\"3\" align=\"center\" valign=\"middle\">\n<p><img loading=\"lazy\" class=\"alignright\" style=\"border: 0pt none;\" onmousedown=\"this.src='https:\/\/enfants2.jabsuisseromande.ch\/wp-content\/uploads\/jab_enfants\/deco_pages\/ecureuil4b_bord.jpg';\" onmouseup=\"this.src='https:\/\/enfants2.jabsuisseromande.ch\/wp-content\/uploads\/jab_enfants\/deco_pages\/ecureuil4a_bord.jpg';\" onmouseover=\"this.src='https:\/\/enfants2.jabsuisseromande.ch\/wp-content\/uploads\/jab_enfants\/deco_pages\/fourmi2.gif';\" onmouseout=\"this.src='https:\/\/enfants2.jabsuisseromande.ch\/wp-content\/uploads\/jab_enfants\/deco_pages\/fourmi1.gif';\" alt=\"\" src=\"https:\/\/enfants2.jabsuisseromande.ch\/wp-content\/uploads\/jab_enfants\/deco_pages\/fourmi1.gif\" width=\"348\" height=\"261\" \/><\/p>\n<\/td>\n<\/tr>\n<tr>\n<td style=\"width: 145px; height: 100px;\" align=\"center\" valign=\"middle\"> <\/td>\n<td style=\"width: 110px; height: 100px;\" align=\"left\" valign=\"middle\"><a href=\"https:\/\/enfants2.jabsuisseromande.ch\/index.php\/enfants\/pages-enfants\/le-bon-coin\/infos-2012\"><img loading=\"lazy\" style=\"border: 0px none;\" onmousedown=\"this.src='https:\/\/enfants2.jabsuisseromande.ch\/wp-content\/uploads\/jab_enfants\/web\/ok3b.jpg';\" onmouseup=\"this.src='https:\/\/enfants2.jabsuisseromande.ch\/wp-content\/uploads\/jab_enfants\/web\/ok3.jpg';\" onmouseover=\"this.src='https:\/\/enfants2.jabsuisseromande.ch\/wp-content\/uploads\/jab_enfants\/web\/ok3.jpg';\" onmouseout=\"this.src='https:\/\/enfants2.jabsuisseromande.ch\/wp-content\/uploads\/jab_enfants\/web\/bouton_go1.jpg';\" alt=\"\" src=\"https:\/\/enfants2.jabsuisseromande.ch\/wp-content\/uploads\/jab_enfants\/web\/bouton_go1.jpg\" width=\"75\" height=\"75\" \/><\/a><\/td>\n<td style=\"width: 300px; height: 100px; text-align: left;\" align=\"center\" valign=\"middle\"><span style=\"font-size: large; font-family: comic sans ms,sans-serif;\">Le coin Sp\u00e9cial Infos<\/span><\/td>\n<\/tr>\n<tr>\n<td style=\"width: 145px; height: 100px;\" align=\"center\" valign=\"middle\"> <\/td>\n<td style=\"width: 110px; height: 100px;\" align=\"left\" valign=\"middle\"><a href=\"https:\/\/enfants2.jabsuisseromande.ch\/index.php\/enfants\/pages-enfants\/le-bon-coin\/la-caverne-des-amis\"><img loading=\"lazy\" style=\"border: 0px none;\" onmousedown=\"this.src='https:\/\/enfants2.jabsuisseromande.ch\/wp-content\/uploads\/jab_enfants\/web\/ok3b.jpg';\" onmouseup=\"this.src='https:\/\/enfants2.jabsuisseromande.ch\/wp-content\/uploads\/jab_enfants\/web\/ok3.jpg';\" onmouseover=\"this.src='https:\/\/enfants2.jabsuisseromande.ch\/wp-content\/uploads\/jab_enfants\/web\/ok3.jpg';\" onmouseout=\"this.src='https:\/\/enfants2.jabsuisseromande.ch\/wp-content\/uploads\/jab_enfants\/web\/bouton_go1.jpg';\" alt=\"\" src=\"https:\/\/enfants2.jabsuisseromande.ch\/wp-content\/uploads\/jab_enfants\/web\/bouton_go1.jpg\" width=\"75\" height=\"75\" \/><\/a><\/td>\n<td style=\"width: 300px; height: 100px; text-align: left;\" align=\"center\" valign=\"middle\"><span style=\"font-size: large; font-family: comic sans ms,sans-serif;\">La Caverne des Amis<\/span><\/td>\n<\/tr>\n<tr>\n<td style=\"width: 145px; height: 100px;\" align=\"center\" valign=\"middle\"> <\/td>\n<td style=\"width: 110px; height: 100px;\" align=\"left\" valign=\"middle\"><a href=\"https:\/\/enfants2.jabsuisseromande.ch\/index.php\/enfants\/pages-enfants\/le-bon-coin\/le-coin-special-medias\"><img loading=\"lazy\" style=\"border: 0px none;\" onmousedown=\"this.src='https:\/\/enfants2.jabsuisseromande.ch\/wp-content\/uploads\/jab_enfants\/web\/ok3b.jpg';\" onmouseup=\"this.src='https:\/\/enfants2.jabsuisseromande.ch\/wp-content\/uploads\/jab_enfants\/web\/ok3.jpg';\" onmouseover=\"this.src='https:\/\/enfants2.jabsuisseromande.ch\/wp-content\/uploads\/jab_enfants\/web\/ok3.jpg';\" onmouseout=\"this.src='https:\/\/enfants2.jabsuisseromande.ch\/wp-content\/uploads\/jab_enfants\/web\/bouton_go1.jpg';\" alt=\"\" src=\"https:\/\/enfants2.jabsuisseromande.ch\/wp-content\/uploads\/jab_enfants\/web\/bouton_go1.jpg\" width=\"75\" height=\"75\" \/><\/a><\/td>\n<td style=\"width: 300px; height: 100px; text-align: left;\" align=\"center\" valign=\"middle\"><span style=\"font-size: large; font-family: comic sans ms,sans-serif;\">Le Coin Sp\u00e9cial M\u00e9dias<\/span><\/td>\n<\/tr>\n<\/tbody>\n<\/table>\n<p style=\"text-align: center;\"><a href=\"..\/\"><img loading=\"lazy\" class=\"aligncenter\" style=\"border: 0pt none;\" onmousedown=\"this.src='https:\/\/enfants2.jabsuisseromande.ch\/wp-content\/uploads\/jab_enfants\/web\/bouton_back3.jpg';\" onmouseup=\"this.src='https:\/\/enfants2.jabsuisseromande.ch\/wp-content\/uploads\/jab_enfants\/web\/bouton_back2.jpg';\" onmouseover=\"this.src='https:\/\/enfants2.jabsuisseromande.ch\/wp-content\/uploads\/jab_enfants\/web\/bouton_back2.jpg';\" onmouseout=\"this.src='https:\/\/enfants2.jabsuisseromande.ch\/wp-content\/uploads\/jab_enfants\/web\/bouton_back1.jpg';\" alt=\"\" src=\"https:\/\/enfants2.jabsuisseromande.ch\/wp-content\/uploads\/jab_enfants\/web\/bouton_back1.jpg\" width=\"128\" height=\"128\" \/><\/a><\/p>\n<p><img style=\"display: none;\" alt=\"\" src=\"https:\/\/enfants2.jabsuisseromande.ch\/wp-content\/uploads\/jab_enfants\/deco_pages\/ecureuil4b_bord.jpg\" \/><\/p>\n<p><img style=\"display: none;\" alt=\"\" src=\"https:\/\/enfants2.jabsuisseromande.ch\/wp-content\/uploads\/jab_enfants\/web\/ok3.jpg\" \/><\/p>\n<p><img style=\"display: none;\" alt=\"\" src=\"https:\/\/enfants2.jabsuisseromande.ch\/wp-content\/uploads\/jab_enfants\/web\/ok3b.jpg\" \/><\/p>\n<p><img style=\"display: none;\" alt=\"\" src=\"https:\/\/enfants2.jabsuisseromande.ch\/wp-content\/uploads\/jab_enfants\/web\/bouton_back3.jpg\" \/><\/p>\n<p>&nbsp;<\/p>\n<p>&nbsp;<\/p>\n<p>&nbsp;<\/p>\n","protected":false},"excerpt":{"rendered":"<p>\u00a0 \u00a0 &nbsp; Le Coin Infos &#038; Divers \ud83d\ude42 &nbsp; Tu trouveras ici des informations int\u00e9ressantes sur les camps ainsi que la pr\u00e9sentation du staff&#8230; &nbsp; \u00a0 Dates des camps &#038; Infos pratiques Le coin Sp\u00e9cial Infos La Caverne des Amis Le Coin Sp\u00e9cial M\u00e9dias &nbsp; &nbsp; &nbsp;<\/p>\n","protected":false},"author":3,"featured_media":0,"parent":2852,"menu_order":3,"comment_status":"open","ping_status":"open","template":"template-full-width.php","meta":{"ngg_post_thumbnail":0},"_links":{"self":[{"href":"https:\/\/enfants2.jabsuisseromande.ch\/index.php\/wp-json\/wp\/v2\/pages\/5086"}],"collection":[{"href":"https:\/\/enfants2.jabsuisseromande.ch\/index.php\/wp-json\/wp\/v2\/pages"}],"about":[{"href":"https:\/\/enfants2.jabsuisseromande.ch\/index.php\/wp-json\/wp\/v2\/types\/page"}],"author":[{"embeddable":true,"href":"https:\/\/enfants2.jabsuisseromande.ch\/index.php\/wp-json\/wp\/v2\/users\/3"}],"replies":[{"embeddable":true,"href":"https:\/\/enfants2.jabsuisseromande.ch\/index.php\/wp-json\/wp\/v2\/comments?post=5086"}],"version-history":[{"count":84,"href":"https:\/\/enfants2.jabsuisseromande.ch\/index.php\/wp-json\/wp\/v2\/pages\/5086\/revisions"}],"predecessor-version":[{"id":22121,"href":"https:\/\/enfants2.jabsuisseromande.ch\/index.php\/wp-json\/wp\/v2\/pages\/5086\/revisions\/22121"}],"up":[{"embeddable":true,"href":"https:\/\/enfants2.jabsuisseromande.ch\/index.php\/wp-json\/wp\/v2\/pages\/2852"}],"wp:attachment":[{"href":"https:\/\/enfants2.jabsuisseromande.ch\/index.php\/wp-json\/wp\/v2\/media?parent=5086"}],"curies":[{"name":"wp","href":"https:\/\/api.w.org\/{rel}","templated":true}]}}