{"id":5349,"date":"2013-01-09T11:20:03","date_gmt":"2013-01-09T09:20:03","guid":{"rendered":"https:\/\/test.jabsuisseromande.ch\/?page_id=5349"},"modified":"2016-03-19T16:56:01","modified_gmt":"2016-03-19T14:56:01","slug":"le-coin-special-medias","status":"publish","type":"page","link":"https:\/\/enfants2.jabsuisseromande.ch\/index.php\/enfants\/pages-enfants\/le-bon-coin\/le-coin-special-medias\/","title":{"rendered":"Le Coin Sp\u00e9cial M\u00e9dias"},"content":{"rendered":"<style type=\"text\/css\"><!--\n* focus, object, player, embed{ outline: none }\n--><\/style>\n<div style=\"position: fixed; top: 0; left: 0; background: #FFCC66; width: 100%; height: 100%; z-index: -11;\">\u00a0<\/div>\n<p>\n<script type=\"text\/javascript\">\/\/ <![CDATA[\nwindow.onload = function(){\n  window.location.href = \"#go_start\";\n}\n\/\/ ]]><\/script>\n<\/p>\n<h2 id=\"go_start\">\u00a0<\/h2>\n<p>&nbsp;<\/p>\n<p style=\"text-align: center;\"><strong><span style=\"font-family: comic sans ms,sans-serif;\"><span style=\"font-size: xx-large;\"><span style=\"color: #000000;\">&#8211;<\/span>Quelques moments g\u00e9niaux en <span style=\"color: #73d16e;\"><a href=\"#go_photos\"><span style=\"color: #73d16e;\">photos<\/span><\/a><\/span> ou <span style=\"color: #f87777;\"><a href=\"#go_videos\"><span style=\"color: #f87777;\">vid\u00e9os<\/span><\/a><\/span><span style=\"color: #000000;\">&#8211;<\/span><\/span><\/span><\/strong><\/p>\n<table style=\"width: 928px;\" border=\"0\" align=\"center\">\n<tbody>\n<tr>\n<td>\u00a0<\/td>\n<td style=\"width: 160px;\">\n<p><a href=\"#go_photos\"><img loading=\"lazy\" style=\"border: 0px none; margin-top: -5px;\" alt=\"\" src=\"https:\/\/enfants2.jabsuisseromande.ch\/wp-content\/uploads\/jab_enfants\/web\/pointeur_vert_clic2.png\" width=\"63\" height=\"35\" \/><\/a><\/p>\n<\/td>\n<td style=\"width: 180px;\">\n<p><a href=\"#go_videos\"><img loading=\"lazy\" style=\"border: 0px none; margin-top: -5px;\" alt=\"\" src=\"https:\/\/enfants2.jabsuisseromande.ch\/wp-content\/uploads\/jab_enfants\/web\/pointeur_rouge_clic2.png\" width=\"63\" height=\"35\" \/><\/a><\/p>\n<\/td>\n<\/tr>\n<\/tbody>\n<\/table>\n<p><a name=\"go_photos\"><\/a><\/p>\n<p style=\"text-align: center;\"><span style=\"color: #000000;\"><span style=\"background-color: #8dff87;\">Mets en plein \u00e9cran en cliquant sur le carr\u00e9 (en haut tout \u00e0 droite), puis utilise les fl\u00e8ches de ton clavier pour avancer dans le diaporama<\/span><\/span><\/p>\n<table style=\"width: 927px;\" border=\"0\" cellspacing=\"0\" cellpadding=\"0\" align=\"center\">\n<tbody>\n<tr>\n<td style=\"text-align: center; width: 63px; background-color: #000000; border-color: #000000; border-style: solid; border-width: 1px;\" align=\"center\" valign=\"middle\">\u00a0<\/td>\n<td style=\"text-align: center; width: 800px; border-color: #000000; border-style: solid; border-width: 1px;\" align=\"center\" valign=\"middle\"><!--START JUICEBOX EMBED-->\n<script type=\"text\/javascript\">\n    var jb_12 = new juicebox({\n        backgroundColor: \"rgba(0,0,0,1)\",\n        configUrl: \"https:\/\/enfants2.jabsuisseromande.ch\/wp-content\/plugins\/wp-juicebox\/config.php?gallery_id=12\",\n        containerId: \"juicebox-container-12\",\n        galleryHeight: \"600px\",\n        galleryWidth: \"800px\"\n    });\n    jb_12.onInitComplete = function() {\n        document.getElementById(\"juicebox-container-12\").firstChild.focus();\n    };\n<\/script>\n<div id=\"juicebox-container-12\"><\/div>\n<!--END JUICEBOX EMBED-->\n<\/td>\n<td style=\"text-align: center; width: 63px; background-color: #000000; border-color: #000000; border-style: solid; border-width: 1px;\" align=\"center\" valign=\"top\">\n<p><img loading=\"lazy\" class=\"alignleft; aligntop\" style=\"background-color: #000000; border: 0pt none; vertical-align: top; margin-top: 10px;\" alt=\"\" src=\"https:\/\/enfants2.jabsuisseromande.ch\/wp-content\/uploads\/jab_enfants\/web\/fleche-gauche-vert.png\" width=\"50\" height=\"25\" \/><\/p>\n<p>&nbsp;<\/p>\n<p>&nbsp;<\/p>\n<p>&nbsp;<\/p>\n<p>&nbsp;<\/p>\n<\/td>\n<\/tr>\n<\/tbody>\n<\/table>\n<p style=\"text-align: center;\"><span style=\"color: #843301;\">Si tu pr\u00e9f\u00e8res qu&rsquo;une photo te concernant ne soit pas publi\u00e9e, fais-nous en part afin de la retirer =&gt; <span style=\"text-decoration: underline;\"><span style=\"color: #0000ff; text-decoration: underline;\"><strong><span style=\"font-size: small;\"><a href=\"mailto:camps.arzier@gmail.com\"><span style=\"color: #0000ff; text-decoration: underline;\">e<span style=\"color: #0000ff; text-decoration: underline;\">&#8211;<\/span><\/span><span style=\"color: #0000ff; text-decoration: underline;\">mail<\/span><\/a><\/span><\/strong><\/span><\/span><\/span><\/p>\n<p style=\"text-align: center;\"><span style=\"font-family: comic sans ms,sans-serif;\">Have Fun !<\/span><\/p>\n<p>&nbsp;<\/p>\n<p><a name=\"go_videos\"><\/a><\/p>\n<p style=\"text-align: center;\"><span style=\"color: #000000;\"><span style=\"background-color: #f87777;\">D\u00e9marre le clip vid\u00e9o que tu veux. Pour le mettre en plein \u00e9cran, clique sur la derni\u00e8re ic\u00f4ne de la barre de lecture<br \/><\/span><\/span><\/p>\n<table style=\"width: 927px;\" border=\"0\" cellspacing=\"0\" cellpadding=\"0\" align=\"center\">\n<tbody>\n<tr>\n<td style=\"text-align: center;\" align=\"center\" valign=\"middle\">\u00a0<\/td>\n<td style=\"text-align: center; width: 800px;\" align=\"center\" valign=\"middle\"><div class='jwplayer' id='jwplayer-0'><\/div><script type='text\/javascript'>if(typeof(jQuery)==\"function\"){(function($){$.fn.fitVids=function(){}})(jQuery)};jwplayer('jwplayer-0').setup({\"height\":471,\"width\":928,\"listbar__position\":\"none\",\"repeat\":true,\"primary\":\"flash\",\"fallback\":false,\"listbar\":{\"position\":\"right\",\"size\":102},\"playlist\":[{\"title\":\"Tiroir 1\",\"sources\":[{\"file\":\"https:\/\/test.jabsuisseromande.ch\/wp-content\/gallery\/jab_enfants\/special_videos\/001_tiroir1.mp4\"}],\"image\":\"https:\/\/enfants2.jabsuisseromande.ch\/wp-content\/gallery\/jab_enfants\/special_videos\/images\/i001.jpg\"},{\"title\":\"Tiroir 2\",\"sources\":[{\"file\":\"https:\/\/test.jabsuisseromande.ch\/wp-content\/gallery\/jab_enfants\/special_videos\/002_tiroir2.mp4\"}],\"image\":\"https:\/\/enfants2.jabsuisseromande.ch\/wp-content\/gallery\/jab_enfants\/special_videos\/images\/i002.jpg\"},{\"title\":\"The dominos\",\"sources\":[{\"file\":\"https:\/\/test.jabsuisseromande.ch\/wp-content\/gallery\/jab_enfants\/special_videos\/003_dominos.mp4\"}],\"image\":\"https:\/\/enfants2.jabsuisseromande.ch\/wp-content\/gallery\/jab_enfants\/special_videos\/images\/i003.jpg\"},{\"title\":\"Tape tapis\",\"sources\":[{\"file\":\"https:\/\/test.jabsuisseromande.ch\/wp-content\/gallery\/jab_enfants\/special_videos\/004_tape-tapis.mp4\"}],\"image\":\"https:\/\/enfants2.jabsuisseromande.ch\/wp-content\/gallery\/jab_enfants\/special_videos\/images\/i004.jpg\"},{\"title\":\"Jeu du no\",\"sources\":[{\"file\":\"https:\/\/test.jabsuisseromande.ch\/wp-content\/gallery\/jab_enfants\/special_videos\/005_jeu_no.mp4\"}],\"image\":\"https:\/\/enfants2.jabsuisseromande.ch\/wp-content\/gallery\/jab_enfants\/special_videos\/images\/i005.jpg\"},{\"title\":\"Le jardinier\",\"sources\":[{\"file\":\"https:\/\/test.jabsuisseromande.ch\/wp-content\/gallery\/jab_enfants\/special_videos\/006_jardinier.mp4\"}],\"image\":\"https:\/\/enfants2.jabsuisseromande.ch\/wp-content\/gallery\/jab_enfants\/special_videos\/images\/i006.jpg\"},{\"title\":\"Fus\\u00e9e 1\",\"sources\":[{\"file\":\"https:\/\/test.jabsuisseromande.ch\/wp-content\/gallery\/jab_enfants\/special_videos\/007_fusee1.mp4\"}],\"image\":\" https:\/\/enfants2.jabsuisseromande.ch\/wp-content\/gallery\/jab_enfants\/special_videos\/images\/i007.jpg\"},{\"title\":\"Fus\\u00e9e 2\",\"sources\":[{\"file\":\"https:\/\/test.jabsuisseromande.ch\/wp-content\/gallery\/jab_enfants\/special_videos\/008_fusee2.mp4\"}],\"image\":\"https:\/\/enfants2.jabsuisseromande.ch\/wp-content\/gallery\/jab_enfants\/special_videos\/images\/i008.jpg\"},{\"title\":\"Foot-\\u00e9chasse\",\"sources\":[{\"file\":\"https:\/\/test.jabsuisseromande.ch\/wp-content\/gallery\/jab_enfants\/special_videos\/009_foot-echasse.mp4\"}],\"image\":\"  https:\/\/enfants2.jabsuisseromande.ch\/wp-content\/gallery\/jab_enfants\/special_videos\/images\/i009.jpg\"},{\"title\":\"Hang\",\"sources\":[{\"file\":\"https:\/\/test.jabsuisseromande.ch\/wp-content\/gallery\/jab_enfants\/special_videos\/010_hang.mp4\"}],\"image\":\" https:\/\/enfants2.jabsuisseromande.ch\/wp-content\/gallery\/jab_enfants\/special_videos\/images\/i010.jpg\"}]});\n<\/script><\/td>\n<td style=\"text-align: center; width: 63px;\" align=\"center\" valign=\"middle\">\u00a0<\/td>\n<\/tr>\n<\/tbody>\n<\/table>\n<p style=\"text-align: center;\"><span style=\"color: #843301;\">Si tu pr\u00e9f\u00e8res qu&rsquo;un clip vid\u00e9o te concernant ne soit pas publi\u00e9, fais-nous en part afin de le retirer =&gt; <span style=\"text-decoration: underline;\"><span style=\"color: #0000ff; text-decoration: underline;\"><strong><span style=\"font-size: small;\"><a href=\"mailto:camps.arzier@gmail.com\"><span style=\"color: #0000ff; text-decoration: underline;\">e<span style=\"color: #0000ff; text-decoration: underline;\">&#8211;<\/span><\/span><span style=\"color: #0000ff; text-decoration: underline;\">mail<\/span><\/a><\/span><\/strong><\/span><\/span><\/span><\/p>\n<p style=\"text-align: left;\"><span style=\"font-family: comic sans ms,sans-serif;\"><span style=\"color: #ff0000;\"><span style=\"font-size: small;\">Des soucis avec la vid\u00e9o ?<\/span><\/span><span style=\"color: #ff0000;\"><span style=\"font-size: small;\"> =&gt; <\/span><\/span><strong><span style=\"color: #ff0000;\"><span style=\"font-size: small;\"><a href=\"#html5\"><span style=\"color: #ff0000;\">Essaie ici<\/span><\/a><\/span><\/span><\/strong><br \/><\/span><\/p>\n<p style=\"text-align: center;\"><span style=\"font-family: comic sans ms,sans-serif;\">Have Fun !<\/span><\/p>\n<p style=\"text-align: center;\"><a href=\"..\/\"><img loading=\"lazy\" class=\"aligncenter\" style=\"border: 0pt none;\" onmousedown=\"this.src='https:\/\/enfants2.jabsuisseromande.ch\/wp-content\/uploads\/jab_enfants\/web\/bouton_back3.jpg';\" onmouseup=\"this.src='https:\/\/enfants2.jabsuisseromande.ch\/wp-content\/uploads\/jab_enfants\/web\/bouton_back1.jpg';\" onmouseover=\"this.src='https:\/\/enfants2.jabsuisseromande.ch\/wp-content\/uploads\/jab_enfants\/web\/bouton_back2.jpg';\" onmouseout=\"this.src='https:\/\/enfants2.jabsuisseromande.ch\/wp-content\/uploads\/jab_enfants\/web\/bouton_back4.jpg';\" alt=\"\" src=\"https:\/\/enfants2.jabsuisseromande.ch\/wp-content\/uploads\/jab_enfants\/web\/bouton_back1.jpg\" width=\"128\" height=\"128\" \/><\/a><\/p>\n<p>&nbsp;<\/p>\n<p>&nbsp;<\/p>\n<p>&nbsp;<\/p>\n<p>&nbsp;<\/p>\n<p>&nbsp;<\/p>\n<p>&nbsp;<\/p>\n<p>&nbsp;<\/p>\n<p>&nbsp;<\/p>\n<p>&nbsp;<\/p>\n<p>&nbsp;<\/p>\n<p>&nbsp;<\/p>\n<p>&nbsp;<\/p>\n<p>&nbsp;<\/p>\n<p>&nbsp;<\/p>\n<p>&nbsp;<\/p>\n<p><a name=\"html5\"><\/a><\/p>\n<p>Idem en HTML5 <div class='jwplayer' id='jwplayer-1'><\/div><script type='text\/javascript'>if(typeof(jQuery)==\"function\"){(function($){$.fn.fitVids=function(){}})(jQuery)};jwplayer('jwplayer-1').setup({\"height\":471,\"width\":928,\"listbar__position\":\"none\",\"repeat\":true,\"primary\":\"html5\",\"fallback\":false,\"listbar\":{\"position\":\"right\",\"size\":102},\"playlist\":[{\"title\":\"Tiroir 1\",\"sources\":[{\"file\":\"https:\/\/test.jabsuisseromande.ch\/wp-content\/gallery\/jab_enfants\/special_videos\/001_tiroir1.mp4\"}],\"image\":\"https:\/\/enfants2.jabsuisseromande.ch\/wp-content\/gallery\/jab_enfants\/special_videos\/images\/i001.jpg\"},{\"title\":\"Tiroir 2\",\"sources\":[{\"file\":\"https:\/\/test.jabsuisseromande.ch\/wp-content\/gallery\/jab_enfants\/special_videos\/002_tiroir2.mp4\"}],\"image\":\"https:\/\/enfants2.jabsuisseromande.ch\/wp-content\/gallery\/jab_enfants\/special_videos\/images\/i002.jpg\"},{\"title\":\"The dominos\",\"sources\":[{\"file\":\"https:\/\/test.jabsuisseromande.ch\/wp-content\/gallery\/jab_enfants\/special_videos\/003_dominos.mp4\"}],\"image\":\"https:\/\/enfants2.jabsuisseromande.ch\/wp-content\/gallery\/jab_enfants\/special_videos\/images\/i003.jpg\"},{\"title\":\"Tape tapis\",\"sources\":[{\"file\":\"https:\/\/test.jabsuisseromande.ch\/wp-content\/gallery\/jab_enfants\/special_videos\/004_tape-tapis.mp4\"}],\"image\":\"https:\/\/enfants2.jabsuisseromande.ch\/wp-content\/gallery\/jab_enfants\/special_videos\/images\/i004.jpg\"},{\"title\":\"Jeu du no\",\"sources\":[{\"file\":\"https:\/\/test.jabsuisseromande.ch\/wp-content\/gallery\/jab_enfants\/special_videos\/005_jeu_no.mp4\"}],\"image\":\"https:\/\/enfants2.jabsuisseromande.ch\/wp-content\/gallery\/jab_enfants\/special_videos\/images\/i005.jpg\"},{\"title\":\"Le jardinier\",\"sources\":[{\"file\":\"https:\/\/test.jabsuisseromande.ch\/wp-content\/gallery\/jab_enfants\/special_videos\/006_jardinier.mp4\"}],\"image\":\"https:\/\/enfants2.jabsuisseromande.ch\/wp-content\/gallery\/jab_enfants\/special_videos\/images\/i006.jpg\"},{\"title\":\"Fus\\u00e9e 1\",\"sources\":[{\"file\":\"https:\/\/test.jabsuisseromande.ch\/wp-content\/gallery\/jab_enfants\/special_videos\/007_fusee1.mp4\"}],\"image\":\" https:\/\/enfants2.jabsuisseromande.ch\/wp-content\/gallery\/jab_enfants\/special_videos\/images\/i007.jpg\"},{\"title\":\"Fus\\u00e9e 2\",\"sources\":[{\"file\":\"https:\/\/test.jabsuisseromande.ch\/wp-content\/gallery\/jab_enfants\/special_videos\/008_fusee2.mp4\"}],\"image\":\"https:\/\/enfants2.jabsuisseromande.ch\/wp-content\/gallery\/jab_enfants\/special_videos\/images\/i008.jpg\"},{\"title\":\"Foot-\\u00e9chasse\",\"sources\":[{\"file\":\"https:\/\/test.jabsuisseromande.ch\/wp-content\/gallery\/jab_enfants\/special_videos\/009_foot-echasse.mp4\"}],\"image\":\"  https:\/\/enfants2.jabsuisseromande.ch\/wp-content\/gallery\/jab_enfants\/special_videos\/images\/i009.jpg\"},{\"title\":\"Hang\",\"sources\":[{\"file\":\"https:\/\/test.jabsuisseromande.ch\/wp-content\/gallery\/jab_enfants\/special_videos\/010_hang.mp4\"}],\"image\":\" https:\/\/enfants2.jabsuisseromande.ch\/wp-content\/gallery\/jab_enfants\/special_videos\/images\/i010.jpg\"}]});\n<\/script><\/p>\n<p style=\"text-align: center;\"><span style=\"color: #843301;\">Si tu pr\u00e9f\u00e8res qu&rsquo;un clip vid\u00e9o te concernant ne soit pas publi\u00e9, fais-nous en part afin de le retirer =&gt; <span style=\"text-decoration: underline;\"><span style=\"color: #0000ff; text-decoration: underline;\"><strong><span style=\"font-size: small;\"><a href=\"mailto:camps.arzier@gmail.com\"><span style=\"color: #0000ff; text-decoration: underline;\">e<span style=\"color: #0000ff; text-decoration: underline;\">&#8211;<\/span><\/span><span style=\"color: #0000ff; text-decoration: underline;\">mail<\/span><\/a><\/span><\/strong><\/span><\/span><\/span><\/p>\n<p style=\"text-align: center;\"><span style=\"font-family: comic sans ms,sans-serif;\">Have Fun !<\/span><\/p>\n<p style=\"text-align: center;\"><a href=\"..\/\"><img loading=\"lazy\" class=\"aligncenter\" style=\"border: 0pt none;\" onmousedown=\"this.src='https:\/\/enfants2.jabsuisseromande.ch\/wp-content\/uploads\/jab_enfants\/web\/bouton_back3.jpg';\" onmouseup=\"this.src='https:\/\/enfants2.jabsuisseromande.ch\/wp-content\/uploads\/jab_enfants\/web\/bouton_back1.jpg';\" onmouseover=\"this.src='https:\/\/enfants2.jabsuisseromande.ch\/wp-content\/uploads\/jab_enfants\/web\/bouton_back2.jpg';\" onmouseout=\"this.src='https:\/\/enfants2.jabsuisseromande.ch\/wp-content\/uploads\/jab_enfants\/web\/bouton_back4.jpg';\" alt=\"\" src=\"https:\/\/enfants2.jabsuisseromande.ch\/wp-content\/uploads\/jab_enfants\/web\/bouton_back1.jpg\" width=\"128\" height=\"128\" \/><\/a><\/p>\n<p>&nbsp;<\/p>\n<p>&nbsp;<\/p>\n<p>&nbsp;<\/p>\n<p>&nbsp;<\/p>\n","protected":false},"excerpt":{"rendered":"<p>\u00a0 \u00a0 &nbsp; &#8211;Quelques moments g\u00e9niaux en photos ou vid\u00e9os&#8211; \u00a0 Mets en plein \u00e9cran en cliquant sur le carr\u00e9 (en haut tout \u00e0 droite), puis utilise les fl\u00e8ches de ton clavier pour avancer dans le diaporama \u00a0 &nbsp; &nbsp; &nbsp; &nbsp; Si tu pr\u00e9f\u00e8res qu&rsquo;une photo te concernant ne soit pas publi\u00e9e, fais-nous en [&hellip;]<\/p>\n","protected":false},"author":3,"featured_media":0,"parent":5086,"menu_order":3,"comment_status":"open","ping_status":"closed","template":"template-full-width.php","meta":{"ngg_post_thumbnail":0},"_links":{"self":[{"href":"https:\/\/enfants2.jabsuisseromande.ch\/index.php\/wp-json\/wp\/v2\/pages\/5349"}],"collection":[{"href":"https:\/\/enfants2.jabsuisseromande.ch\/index.php\/wp-json\/wp\/v2\/pages"}],"about":[{"href":"https:\/\/enfants2.jabsuisseromande.ch\/index.php\/wp-json\/wp\/v2\/types\/page"}],"author":[{"embeddable":true,"href":"https:\/\/enfants2.jabsuisseromande.ch\/index.php\/wp-json\/wp\/v2\/users\/3"}],"replies":[{"embeddable":true,"href":"https:\/\/enfants2.jabsuisseromande.ch\/index.php\/wp-json\/wp\/v2\/comments?post=5349"}],"version-history":[{"count":122,"href":"https:\/\/enfants2.jabsuisseromande.ch\/index.php\/wp-json\/wp\/v2\/pages\/5349\/revisions"}],"predecessor-version":[{"id":8250,"href":"https:\/\/enfants2.jabsuisseromande.ch\/index.php\/wp-json\/wp\/v2\/pages\/5349\/revisions\/8250"}],"up":[{"embeddable":true,"href":"https:\/\/enfants2.jabsuisseromande.ch\/index.php\/wp-json\/wp\/v2\/pages\/5086"}],"wp:attachment":[{"href":"https:\/\/enfants2.jabsuisseromande.ch\/index.php\/wp-json\/wp\/v2\/media?parent=5349"}],"curies":[{"name":"wp","href":"https:\/\/api.w.org\/{rel}","templated":true}]}}